{"id":18738,"date":"2025-04-22T08:28:02","date_gmt":"2025-04-22T08:28:02","guid":{"rendered":"https:\/\/studio7panketal.de\/?post_type=product&#038;p=18738"},"modified":"2026-03-11T07:13:26","modified_gmt":"2026-03-11T07:13:26","slug":"09-11-25-17-matthias-machwerk-comedy","status":"publish","type":"product","link":"https:\/\/studio7panketal.de\/?product=09-11-25-17-matthias-machwerk-comedy","title":{"rendered":"26.04.26 \/ 17\u00b0\u00b0 Matthias Machwerk &#8211; Comedy"},"content":{"rendered":"<p><span style=\"font-family: helvetica, arial, sans-serif;\">Achtung: Dieses Programm wird vom 09.11.2025 nachgeholt. Tickets vom 09.11.2025 sind g\u00fcltig.<br \/>\n&#8222;Gl\u00fccklich&#8230; oder schon verheiratet?&#8220; ist nicht einfach eine Frage, sondern ein Lachwerk \u00fcber Lebenssinn und Doppelkinn.<\/span><br \/>\n<span style=\"font-family: helvetica, arial, sans-serif;\">Vollgas-Humorist Matthias Machwerk ist mal wieder zu Gast im Studio7 und diesmal auf der Suche nach dem Gl\u00fcck. Er berichtet \u00fcber Parasiten, eigene Mitesser und fremde Kinder. Er kalauert \u00fcber Rollator-Rambos, Abf\u00fchrmittel und andere Dinge, die nach hinten gehen.<\/span><br \/>\n<span style=\"font-family: helvetica, arial, sans-serif;\">Freuen Sie sich auf rasanten Humor und Fragen wie: Machen Partner gl\u00fccklich und wenn ja, wie viele? Versaut Geld den Charakter, auch wenn man keinen hat?<br \/>\nErleben Sie ein verr\u00fccktes Gl\u00fcckprogramm und lachen Sie sich zum Happy End\u2026auch ohne Thai-Massage.<\/span><\/p>\n","protected":false},"excerpt":{"rendered":"<p>Achtung: Dieses Programm wird vom 09.11.2025 nachgeholt. Tickets vom 09.11.2025 sind g\u00fcltig. &#8222;Gl\u00fccklich&#8230; oder schon verheiratet?&#8220; ist nicht einfach eine Frage, sondern ein Lachwerk \u00fcber Lebenssinn und Doppelkinn. Vollgas-Humorist Matthias Machwerk ist mal wieder zu Gast im Studio7 und diesmal auf der Suche nach dem Gl\u00fcck. Er berichtet \u00fcber Parasiten, eigene Mitesser und fremde Kinder. [&hellip;]<\/p>\n","protected":false},"featured_media":18712,"template":"","meta":[],"product_brand":[],"product_cat":[22],"product_tag":[],"class_list":{"0":"post-18738","1":"product","2":"type-product","3":"status-publish","4":"has-post-thumbnail","6":"product_cat-kabarettcomedy","8":"first","9":"outofstock","10":"shipping-taxable","11":"purchasable","12":"product-type-simple"},"_links":{"self":[{"href":"https:\/\/studio7panketal.de\/index.php?rest_route=\/wp\/v2\/product\/18738","targetHints":{"allow":["GET"]}}],"collection":[{"href":"https:\/\/studio7panketal.de\/index.php?rest_route=\/wp\/v2\/product"}],"about":[{"href":"https:\/\/studio7panketal.de\/index.php?rest_route=\/wp\/v2\/types\/product"}],"wp:featuredmedia":[{"embeddable":true,"href":"https:\/\/studio7panketal.de\/index.php?rest_route=\/wp\/v2\/media\/18712"}],"wp:attachment":[{"href":"https:\/\/studio7panketal.de\/index.php?rest_route=%2Fwp%2Fv2%2Fmedia&parent=18738"}],"wp:term":[{"taxonomy":"product_brand","embeddable":true,"href":"https:\/\/studio7panketal.de\/index.php?rest_route=%2Fwp%2Fv2%2Fproduct_brand&post=18738"},{"taxonomy":"product_cat","embeddable":true,"href":"https:\/\/studio7panketal.de\/index.php?rest_route=%2Fwp%2Fv2%2Fproduct_cat&post=18738"},{"taxonomy":"product_tag","embeddable":true,"href":"https:\/\/studio7panketal.de\/index.php?rest_route=%2Fwp%2Fv2%2Fproduct_tag&post=18738"}],"curies":[{"name":"wp","href":"https:\/\/api.w.org\/{rel}","templated":true}]}}