{"id":8295,"date":"2020-01-31T09:24:44","date_gmt":"2020-01-31T09:24:44","guid":{"rendered":"http:\/\/studio7panketal.de\/?page_id=8295"},"modified":"2025-11-17T15:33:50","modified_gmt":"2025-11-17T15:33:50","slug":"vorverkauf-gebuehren","status":"publish","type":"page","link":"https:\/\/studio7panketal.de\/?page_id=8295","title":{"rendered":"Vorverkauf &amp; Geb\u00fchren &amp; Erstattung bei Absage"},"content":{"rendered":"<p><strong>Lieber Gast.<\/strong><br \/>\n<span style=\"font-size: inherit;\">Der Studio7- Ticket-Shop auf unserer Homepage ist ein hauseigenes Portal und geb\u00fchrenfrei nutzbar. Der Service ist allerdings sehr stark eingeschr\u00e4nkt und ganz wichtig: Tickets werden grunds\u00e4tzlich <strong>nicht<\/strong> verschickt!<br \/>\nSie k\u00f6nnen auch w\u00e4hrend der Veranstaltungen im Studio7 direkt Ihre Karten ohne Service-Geb\u00fchren erwerben.<br \/>\n<\/span><br \/>\nAlternativ k\u00f6nnen Studio7- Karten in der Tourismus-Info Bernau, der Theaterkasse Berlin-Buch und im Kreativgesch\u00e4ft &#8222;Nur ein M\u00fc&#8220; in Zepernick erworben werden. Adressen &amp; \u00d6ffnungszeiten finden Sie hier auf der Homepage.<br \/>\nHinweis:<br \/>\nWer in den Theaterkassen und Vorverkaufsstellen Eintrittskarten erwirbt, zahlt im Regelfall eine Geb\u00fchr. Der Grund ist einfach erkl\u00e4rt. Theaterkassen und andere Vorverkaufsstellen sind eigenst\u00e4ndige Unternehmen, in denen Leute arbeiten, die einen Service anbieten und deren genutzte R\u00e4umlichkeiten &amp; Dienstleistungen nicht umsonst zu haben sind. Diese VVK- oder Servicegeb\u00fchr kann, wie \u00fcberall in der freien Wirtschaft, variieren und kostet zwischen 1% und bis zu 15% des Ticketpreises.<\/p>\n<p>Absage&#8230; was nun und was bekomme ich wieder?<br \/>\nIm Falle einer Konzert-Absage wird normalerweise ein Ersatztermin gesucht und die Karten behalten ihre G\u00fcltigkeit. Ist kein Ersatztermin m\u00f6glich, wird das Programm ersatzlos abgesagt. Dann wird der komplette Ticketpreis erstattet.<br \/>\nG\u00e4ste, die Karten im Shop gekauft haben, werden per email kontaktiert, der Betrag wird per \u00dcberweisung erstattet.<br \/>\nG\u00e4ste, die Papiertickets in der Hand halten, gehen zum auf der Homepage genannten Termin ins Studio7 und lassen sich im Tausch mit den Originaltickets den Eintrittspreis erstatten.<br \/>\nAchtung:<br \/>\nEine eventuell gezahlte Service- oder VVK-Geb\u00fchr der VVK-Stelle wird nicht erstattet, denn sie ist nicht Bestandteil des Ticketpreises! Grund: VVK-Stellen, die Ihnen den Einkauf leichter machen sollen, nehmen \u00a0Service-Geb\u00fchren, die mit dem Ticketpreis nichts zu tun haben. Ist Ihnen das zu teuer, dann nutzen Sie doch bitte den kostenfreien Onlineshop.<\/p>\n<p>Vielen Dank<\/p>\n","protected":false},"excerpt":{"rendered":"<p>Lieber Gast. Der Studio7- Ticket-Shop auf unserer Homepage ist ein hauseigenes Portal und geb\u00fchrenfrei nutzbar. Der Service ist allerdings sehr stark eingeschr\u00e4nkt und ganz wichtig: Tickets werden grunds\u00e4tzlich nicht verschickt! Sie k\u00f6nnen auch w\u00e4hrend der Veranstaltungen im Studio7 direkt Ihre Karten ohne Service-Geb\u00fchren erwerben. Alternativ k\u00f6nnen Studio7- Karten in der Tourismus-Info Bernau, der Theaterkasse Berlin-Buch [&hellip;]<\/p>\n","protected":false},"author":1,"featured_media":0,"parent":0,"menu_order":0,"comment_status":"closed","ping_status":"closed","template":"","meta":{"footnotes":""},"class_list":["post-8295","page","type-page","status-publish","hentry"],"_links":{"self":[{"href":"https:\/\/studio7panketal.de\/index.php?rest_route=\/wp\/v2\/pages\/8295","targetHints":{"allow":["GET"]}}],"collection":[{"href":"https:\/\/studio7panketal.de\/index.php?rest_route=\/wp\/v2\/pages"}],"about":[{"href":"https:\/\/studio7panketal.de\/index.php?rest_route=\/wp\/v2\/types\/page"}],"author":[{"embeddable":true,"href":"https:\/\/studio7panketal.de\/index.php?rest_route=\/wp\/v2\/users\/1"}],"replies":[{"embeddable":true,"href":"https:\/\/studio7panketal.de\/index.php?rest_route=%2Fwp%2Fv2%2Fcomments&post=8295"}],"version-history":[{"count":20,"href":"https:\/\/studio7panketal.de\/index.php?rest_route=\/wp\/v2\/pages\/8295\/revisions"}],"predecessor-version":[{"id":19906,"href":"https:\/\/studio7panketal.de\/index.php?rest_route=\/wp\/v2\/pages\/8295\/revisions\/19906"}],"wp:attachment":[{"href":"https:\/\/studio7panketal.de\/index.php?rest_route=%2Fwp%2Fv2%2Fmedia&parent=8295"}],"curies":[{"name":"wp","href":"https:\/\/api.w.org\/{rel}","templated":true}]}}