{"id":785,"date":"2017-02-14T13:17:35","date_gmt":"2017-02-14T13:17:35","guid":{"rendered":"http:\/\/studio7panketal.de\/?page_id=785"},"modified":"2026-03-10T14:04:26","modified_gmt":"2026-03-10T14:04:26","slug":"kuenstleruebersicht","status":"publish","type":"page","link":"https:\/\/studio7panketal.de\/?page_id=785","title":{"rendered":"&#8230; sie &#8211; und viele andere &#8211; waren bei uns zu Gast &#8230;"},"content":{"rendered":"<p><small><big>Hans Hermann Thielke, Dr. Kinski&#8217;s Salonorchester, Driftwood Holly feat. J\u00e4cki Reznicek, Berlin Beat Club, Lennart Schilgen, Stumpen, Buzz Dee &amp; Agnetha, Ina Paule Klink &amp; Band, Vicente Patiz, Matthias Machwerk, Rockfonie, Neon Deluxe, Vanja Sky, Gro\u00dfes Handgemenge, Wolfgang Ziegler, Thunder Road, Quotime, Martin Buchholz, Tatjana Meissner, Emmi &amp; Willnowsky, Stef Rosen Organ Trio, Georgi Gogow, Matthias Egersd\u00f6rfer, Herr Frank, Der K\u00f6nig, Ranz &amp; Mai, The AC\/DC&#8217;s Tribute Band, Manuel Schmid &amp; Marek Arnold, Jonas Greiner, Thomas Putensen, Dr. Pop, Music Blend, Nico-Theo, The Linewalkers, Christine Prayon, Hausboot, Berlin Straits, The Chain, Electric Blues Orchester (EBO), Komitee f\u00fcr Unterhaltungskunst, Andr\u00e8 Herzberg- Trio, Hardbeat Five, Soulution, Andreas K\u00fcmmert, Nervling, HansHagen, Inka Meyer, Kerim Pamuk, Ingolf L\u00fcck, L\u00fc\u00fcl &amp; Band, Monsieur Pompadour, Soulution, Die Legatos, Axel P\u00e4tz, Blank, Studio7-Band, Lord Zeppelin, Michael Gen\u00e4hr, Michael Eller, Driftwood Holly feat. J\u00e4cki Reznicek (Silly), Bluegrass Breakdown, Markus Krebs, Adams Spirit, Mckinley Black &amp; Vladimir Spiridonov, Dead or Alive, Christina Lux &amp; Oliver George, Miss Elli, Chessmen- Trio feat. Peter Schmidt (EBE), Stefan Danziger, Mandy Partzsch &amp; Erik Lehmann (Paarshit), Yves Macak (der R-Zieher), Belmondo, Lutz von Rosenberg- Lipinsky, Robert Gl\u00e4ser &amp; Band, Andreas Geffarth, Pankepiraten, Pascal von Wroblewsky &amp; Bajazzo, Beata Kossowska &amp; Blue Airtrain, B3 feat. Ron Spielman, Michael Sens, Martin Sierp, Thomas Nicolai, Sweet Confusion, Motownbrothers &amp; Sister Soul, Apfeltraum, Arnulf Rating, Chin Meyer, Friedrich &amp; Wiesenh\u00fctter, Markus Rill, Hans- Hermann Thielke, Masterpeace, Michael Krebs, Ulla Meinecke, The Strings, Sinti Swing, Katharina Franck &amp; Kerstin Sund, Karsten Troike, Jan Preu\u00df &amp; Steffen Rose, Acoustic Hippies, Boogie Radio, Weltkritik, Ilka Hein &amp; Andreas Reimann, Andreas Geffarth, Reiner Kr\u00f6hnert, Barnes Light, Karl Dall, Andy Robson &amp; Urban Fox Connection, Liaisong, The Scuttles, Thomas Freitag, Steve Size &amp; Friends, Phil Bates -Trio, Tim Boltz, Michael Fitz, Eberhard Klunker, Bastian Bandt, Boogielicious, Bernd Rinser &amp; Christoph John, Bobby Long, Fabian Bruck, C.C.Adams- Band, John Lennon -Tribute-\u00a0 Band, MTS, Eiszeit, Kalle Pohl, Hans Werner Olm, Christoph Sieber, David Gilmour Project, The Beez, Bodenski, Wedding, Purple Schulz, Frank L\u00fcdecke, Angelika Mann, Stereo Affairs, Waldi Weiz &amp; Band, Tina Tandler, Michael Krebs, Ulla Meinecke, Die Ossis, Club der toten Dichter, Andr\u00e8 Herzberg, Die Z\u00f6llner, Ausbilder Schmidt, Nervling, Jarred James Nichols, Trailhead, Christian Haase &amp; Band, Funky Blues Rockez, Renft, Engerling, Starfucker, Martin Buchholz, Dr. Kinski,\u00a0 IC Falkenberg, Skyline, Mike Seeber- Trio, Cashbags, Jule Werner &amp; Rehab, Mike Kilian, Smiledriver, Tino Eisbrenner, Wayne Grajeda &amp; Band,\u00a0 J\u00fcrgen Kerth &amp; Band, Schwarze Gr\u00fctze, Tino Standhaft &amp; Band, Monokel Karftblues, Big Joe Stolle, The Clogs, Gunter B\u00f6hnke, Jannine Vahldieck, Habibi, Im Bett Mit Udo, Karine Champagne, Blue Stift, Strings Like Wings, Speiches Monokel Bluesband, Joy Venture, Colinda, Michael Lehrmann- Group, Jay Bailey- Band, Blackbird, Die K\u00f6lner Seelen, Unbekannt Verzogen, Auszeit, Edstone und viele andere mehr&#8230;\u00a0<\/big><\/small><\/p>\n","protected":false},"excerpt":{"rendered":"<p>Hans Hermann Thielke, Dr. Kinski&#8217;s Salonorchester, Driftwood Holly feat. J\u00e4cki Reznicek, Berlin Beat Club, Lennart Schilgen, Stumpen, Buzz Dee &amp; Agnetha, Ina Paule Klink &amp; Band, Vicente Patiz, Matthias Machwerk, Rockfonie, Neon Deluxe, Vanja Sky, Gro\u00dfes Handgemenge, Wolfgang Ziegler, Thunder Road, Quotime, Martin Buchholz, Tatjana Meissner, Emmi &amp; Willnowsky, Stef Rosen Organ Trio, Georgi Gogow, [&hellip;]<\/p>\n","protected":false},"author":1,"featured_media":0,"parent":0,"menu_order":0,"comment_status":"closed","ping_status":"closed","template":"","meta":{"footnotes":""},"class_list":["post-785","page","type-page","status-publish","hentry"],"_links":{"self":[{"href":"https:\/\/studio7panketal.de\/index.php?rest_route=\/wp\/v2\/pages\/785","targetHints":{"allow":["GET"]}}],"collection":[{"href":"https:\/\/studio7panketal.de\/index.php?rest_route=\/wp\/v2\/pages"}],"about":[{"href":"https:\/\/studio7panketal.de\/index.php?rest_route=\/wp\/v2\/types\/page"}],"author":[{"embeddable":true,"href":"https:\/\/studio7panketal.de\/index.php?rest_route=\/wp\/v2\/users\/1"}],"replies":[{"embeddable":true,"href":"https:\/\/studio7panketal.de\/index.php?rest_route=%2Fwp%2Fv2%2Fcomments&post=785"}],"version-history":[{"count":49,"href":"https:\/\/studio7panketal.de\/index.php?rest_route=\/wp\/v2\/pages\/785\/revisions"}],"predecessor-version":[{"id":20851,"href":"https:\/\/studio7panketal.de\/index.php?rest_route=\/wp\/v2\/pages\/785\/revisions\/20851"}],"wp:attachment":[{"href":"https:\/\/studio7panketal.de\/index.php?rest_route=%2Fwp%2Fv2%2Fmedia&parent=785"}],"curies":[{"name":"wp","href":"https:\/\/api.w.org\/{rel}","templated":true}]}}