{"id":616,"date":"2017-01-30T10:36:38","date_gmt":"2017-01-30T10:36:38","guid":{"rendered":"http:\/\/1.studio7panketal.de\/?page_id=616"},"modified":"2024-11-25T08:34:54","modified_gmt":"2024-11-25T08:34:54","slug":"wichtiges","status":"publish","type":"page","link":"https:\/\/studio7panketal.de\/?page_id=616","title":{"rendered":"Wichtige Info&#8217;s"},"content":{"rendered":"<p>Lieber Besucher.<br \/>\nIch\u00a0habe eine Liste der <a href=\"https:\/\/studio7panketal.de\/?page_id=431\"><strong>meist\u00a0gestellten Fragen<\/strong><\/a> zusammengetragen und die Antworten darauf gegeben.<br \/>\nSie finden hier alles,\u00a0z.B.:<br \/>\n&#8211; wie komme ich an meine Karten<br \/>\n&#8211; \u00d6ffnungszeiten<br \/>\n&#8211; Sitzpl\u00e4tze ja\/nein<br \/>\n&#8211; Getr\u00e4nke<br \/>\n&#8211; Parkpl\u00e4tze<br \/>\netc&#8230;<\/p>\n<p><a href=\"https:\/\/studio7panketal.de\/?page_id=8295\"><strong>Vorverkauf &amp; Geb\u00fchren<\/strong><\/a> sind immer ein wichtiges Thema.<\/p>\n<p><strong><a href=\"https:\/\/studio7panketal.de\/?page_id=1455\">Saalpl\u00e4ne<\/a><\/strong> finden Sie hier.<\/p>\n<p>In den <a href=\"https:\/\/studio7panketal.de\/?page_id=534\"><strong>AGB<\/strong><\/a> (Allgemeinen Gesch\u00e4ftsbeziehungen) ist alles zu den Themen Kartenerwerb, Umgang mit Foto, Video und Presse detailliert hinterlegt.<\/p>\n<p>Auch <strong><a href=\"https:\/\/studio7panketal.de\/?page_id=1956\">Widerrufsbelehrung<\/a><\/strong> und die <a href=\"https:\/\/studio7panketal.de\/?page_id=1954\"><strong>Datenschutzbelehrung<\/strong><\/a> wurde nicht vergessen.<\/p>\n<p><a href=\"https:\/\/studio7panketal.de\/?page_id=593\"><strong>Rollstuhlfahrer<\/strong><\/a> haben einen eigenen Hinweisbutton.<br \/>\nVielen Dank f\u00fcr Ihre Aufmerksamkeit!<\/p>\n","protected":false},"excerpt":{"rendered":"<p>Lieber Besucher. Ich\u00a0habe eine Liste der meist\u00a0gestellten Fragen zusammengetragen und die Antworten darauf gegeben. Sie finden hier alles,\u00a0z.B.: &#8211; wie komme ich an meine Karten &#8211; \u00d6ffnungszeiten &#8211; Sitzpl\u00e4tze ja\/nein &#8211; Getr\u00e4nke &#8211; Parkpl\u00e4tze etc&#8230; Vorverkauf &amp; Geb\u00fchren sind immer ein wichtiges Thema. Saalpl\u00e4ne finden Sie hier. In den AGB (Allgemeinen Gesch\u00e4ftsbeziehungen) ist alles zu [&hellip;]<\/p>\n","protected":false},"author":1,"featured_media":0,"parent":0,"menu_order":0,"comment_status":"closed","ping_status":"closed","template":"","meta":{"footnotes":""},"class_list":["post-616","page","type-page","status-publish","hentry"],"_links":{"self":[{"href":"https:\/\/studio7panketal.de\/index.php?rest_route=\/wp\/v2\/pages\/616","targetHints":{"allow":["GET"]}}],"collection":[{"href":"https:\/\/studio7panketal.de\/index.php?rest_route=\/wp\/v2\/pages"}],"about":[{"href":"https:\/\/studio7panketal.de\/index.php?rest_route=\/wp\/v2\/types\/page"}],"author":[{"embeddable":true,"href":"https:\/\/studio7panketal.de\/index.php?rest_route=\/wp\/v2\/users\/1"}],"replies":[{"embeddable":true,"href":"https:\/\/studio7panketal.de\/index.php?rest_route=%2Fwp%2Fv2%2Fcomments&post=616"}],"version-history":[{"count":12,"href":"https:\/\/studio7panketal.de\/index.php?rest_route=\/wp\/v2\/pages\/616\/revisions"}],"predecessor-version":[{"id":17443,"href":"https:\/\/studio7panketal.de\/index.php?rest_route=\/wp\/v2\/pages\/616\/revisions\/17443"}],"wp:attachment":[{"href":"https:\/\/studio7panketal.de\/index.php?rest_route=%2Fwp%2Fv2%2Fmedia&parent=616"}],"curies":[{"name":"wp","href":"https:\/\/api.w.org\/{rel}","templated":true}]}}