{"id":5896,"date":"2019-01-02T10:40:40","date_gmt":"2019-01-02T10:40:40","guid":{"rendered":"http:\/\/studio7panketal.de\/?page_id=5896"},"modified":"2026-03-16T14:35:00","modified_gmt":"2026-03-16T14:35:00","slug":"rueckblick","status":"publish","type":"page","link":"https:\/\/studio7panketal.de\/?page_id=5896","title":{"rendered":"R\u00fcckblick"},"content":{"rendered":"<p><a href=\"https:\/\/studio7panketal.de\/?page_id=280\">Bildergalerie<\/a><br \/>Hier ist eine (zugegeben nicht ganz vollst\u00e4ndige) Auswahl der K\u00fcnstler, die bei uns schon zu Gast waren.<\/p>\n<p><a href=\"https:\/\/studio7panketal.de\/?page_id=785\">Diese K\u00fcnstler waren schon bei uns\u00a0<\/a><br \/>Der Vollst\u00e4ndigkeit halber habe ich alles noch mal namentlich erw\u00e4hnt.<\/p>\n<p><a href=\"https:\/\/studio7panketal.de\/wp-content\/uploads\/2023\/04\/10-Jahre-S7-SD-480p.mov\">Video vom 10. Studio7- Geburtstag<\/a><br \/>Das Studio7 feierte am 31. M\u00e4rz und 1. April 2023 ausgiebig den 10. Geburtstag und die G\u00e4ste haben eine Menge gefilmt und fotografiert. Eine kleine Auswahl dessen finden Sie in einem kurzen Video. Die Qualit\u00e4t bitte ich aber zu entschuldigen&#8230; es waren \u00a0nur Handys.\u00a0<\/p>\n<p><a href=\"https:\/\/studio7panketal.de\/wp-content\/uploads\/2026\/03\/Weihnachten-Rueckblick-Kopie.mov\" target=\"_blank\" rel=\"noopener\">Das Jahr 2020&#8230; ein Video- R\u00fcckblick auf sch\u00f6ne Zeiten zuvor<\/a><br \/>2020 wurde es f\u00fcr knapp 3 Jahre still. Corona hatte alles im Griff. Nichts ging mehr und das f\u00fcr lange, lange Zeit. Das letzte Mal, dass wir im Studio7 Weihnachten gefeiert haben, war ein Jahr zuvor. <br \/>&#8222;Driving Home For Christmas&#8220; von der damaligen Studio7- Band filmte ein Gast mit dem Handy. Es war der Rausschmeisser, denn das Licht war schon aus, der Abend eigentlich schon zu Ende. Doch niemand wollte gehen. Mit dieser Hintergrundmusik machte ich einen kleinen R\u00fcckblick auf die sch\u00f6nen Jahre zuvor- denn es regierte die Angst, nie wieder aufmachen und Konzerte wie diese erleben zu k\u00f6nnen. Doch es kam gottseidank alles anders.\u00a0<\/p>\n\n\n<p><\/p>\n","protected":false},"excerpt":{"rendered":"<p>BildergalerieHier ist eine (zugegeben nicht ganz vollst\u00e4ndige) Auswahl der K\u00fcnstler, die bei uns schon zu Gast waren. Diese K\u00fcnstler waren schon bei uns\u00a0Der Vollst\u00e4ndigkeit halber habe ich alles noch mal namentlich erw\u00e4hnt. Video vom 10. Studio7- GeburtstagDas Studio7 feierte am 31. M\u00e4rz und 1. April 2023 ausgiebig den 10. Geburtstag und die G\u00e4ste haben eine [&hellip;]<\/p>\n","protected":false},"author":1,"featured_media":0,"parent":0,"menu_order":0,"comment_status":"closed","ping_status":"closed","template":"","meta":{"footnotes":""},"class_list":["post-5896","page","type-page","status-publish","hentry"],"_links":{"self":[{"href":"https:\/\/studio7panketal.de\/index.php?rest_route=\/wp\/v2\/pages\/5896","targetHints":{"allow":["GET"]}}],"collection":[{"href":"https:\/\/studio7panketal.de\/index.php?rest_route=\/wp\/v2\/pages"}],"about":[{"href":"https:\/\/studio7panketal.de\/index.php?rest_route=\/wp\/v2\/types\/page"}],"author":[{"embeddable":true,"href":"https:\/\/studio7panketal.de\/index.php?rest_route=\/wp\/v2\/users\/1"}],"replies":[{"embeddable":true,"href":"https:\/\/studio7panketal.de\/index.php?rest_route=%2Fwp%2Fv2%2Fcomments&post=5896"}],"version-history":[{"count":23,"href":"https:\/\/studio7panketal.de\/index.php?rest_route=\/wp\/v2\/pages\/5896\/revisions"}],"predecessor-version":[{"id":20986,"href":"https:\/\/studio7panketal.de\/index.php?rest_route=\/wp\/v2\/pages\/5896\/revisions\/20986"}],"wp:attachment":[{"href":"https:\/\/studio7panketal.de\/index.php?rest_route=%2Fwp%2Fv2%2Fmedia&parent=5896"}],"curies":[{"name":"wp","href":"https:\/\/api.w.org\/{rel}","templated":true}]}}