{"id":534,"date":"2017-01-25T10:33:10","date_gmt":"2017-01-25T10:33:10","guid":{"rendered":"http:\/\/1.studio7panketal.de\/?page_id=534"},"modified":"2023-01-06T10:11:29","modified_gmt":"2023-01-06T10:11:29","slug":"agb","status":"publish","type":"page","link":"https:\/\/studio7panketal.de\/?page_id=534","title":{"rendered":"AGB&#8217;s"},"content":{"rendered":"<p><strong>Die Allgemeinen Gesch\u00e4ftsbedingungen (AGB)<br \/>\n(aktualisiert und g\u00fcltig seit dem 01.04.2013)<\/strong><\/p>\n<p>Die allgemeinen Gesch\u00e4ftsbedingungen regeln die Beziehungen zwischen den Veranstaltungsbesuchern und dem Studio7 Panketal\u00a0bzw. der Berichterstattung durch Medienvertreter.\u00a0Sie sind auch Bestandteil des Vertrages \u00fcber den Erwerb von Eintrittskarten.<\/p>\n<p><b>Ihre Registrierung, Ihre Daten und deren Nutzung<br \/>\n<\/b>Mit Ihrer pers\u00f6nlichen Registrierung bei www.studio7panketal.de hinterlassen Sie uns Ihre Daten wie Name, Anschrift, Telefon, Emailadresse. Nur so haben Sie die M\u00f6glichkeit, den Onlineshop zu nutzen. Parallel \u00a0geben Sie uns damit Ihr Einverst\u00e4ndnis, Ihre pers\u00f6nlichen Daten f\u00fcr den Versand von Newslettern und zur Speicherung von Informationen \u00fcber Ihr Kaufverhalten zu nutzen.<br \/>\nAlle Hinweise dazu lesen Sie bitte auf dieser Seite\u00a0<a href=\"https:\/\/studio7panketal.de\/?page_id=1954\" target=\"_blank\" rel=\"noopener\">https:\/\/studio7panketal.de\/?page_id=1954<\/a><\/p>\n<p><b>Karten und Preise \/\/ Gew\u00e4hr<br \/>\n<\/b>Der Einlass\u00a0erfolgt\u00a0grunds\u00e4tzlich nur mit g\u00fcltiger Eintrittskarte.<b><br \/>\n<\/b>Die Kartenpreise erfahren Sie unverbindlich auf den Veranstaltungsseiten! Wir pflegen und aktualisieren unsere Daten sehr sorgf\u00e4ltig, \u00fcbernehmen aber keine Gew\u00e4hr f\u00fcr die Richtigkeit der hier aufgef\u00fchrten Veranstaltungsdaten und Ticketpreise. Aus eventuellen Fehlern, insbesondere bei Terminen und Preisen, resultiert keine Haftungspflicht des Studio7 Panketal. Alle Angaben sind ohne Gew\u00e4hr. Tickets gibt es nach Verf\u00fcgbarkeit. Wir weisen hiermit ausdr\u00fccklich darauf hin, dass jede Art von Regressanspruch bez\u00fcglich Vorbereitung und Durchf\u00fchrung einer Veranstaltung jeweils an den Veranstalter zu richten ist.<br \/>\nAlle angegebenen Preise verstehen sich inklusive der g\u00fcltigen Umsatzsteuer, exklusive Vorverkaufs-, Bearbeitungs- und Systemgeb\u00fchren. Eventuelle\u00a0Versandkosten sind nicht enthalten.<br \/>\nEintrittskarten werden grunds\u00e4tzlich nicht verschickt!<br \/>\nDer Preis einer Eintrittskarte an der Abendkasse kann sich vom Preis im Vorverkauf deutlich unterscheiden, wobei die Abendkasse im Regelfall teurer ist.<\/p>\n<p><b>Programme, Anfangszeiten und k\u00fcnstlerische Darbietungen<br \/>\n<\/b>Programm\u00e4nderungen bleiben dem Studio7 Panketal vorbehalten.<br \/>\nProgramme, Anfangszeiten bzw. Verschiebungen werden in den R\u00e4umen und in den Ver\u00f6ffentlichungen des Studio7 Panketal\u00a0bekannt gegeben.\u00a0Wir bitten Sie, sich rechtzeitig und regelm\u00e4\u00dfig \u00fcber m\u00f6gliche Ver\u00e4nderungen auf unserer Homepage zu informieren.\u00a0Das Studio7 Panketal\u00a0\u00a0hat keinerlei Einfluss auf Gestaltung, L\u00e4nge und Inhalt der Veranstaltungen.<\/p>\n<p><b>Kartenreservierung \/ Fristen\u00a0\/ Zahlungsziele<br \/>\n<\/b>Nutzen Sie bitte am besten unsere Vorverkaufsstellen oder den Onlineshop.<br \/>\nKartenreservierungen per eMail oder Telefon sind nat\u00fcrlich\u00a0auch m\u00f6glich. Voraussetzung f\u00fcr diese Form der Bestellung ist eine g\u00fcltige eMail- Adresse des Bestellers.. Die an diese Adresse\u00a0versandte Bestellbest\u00e4tigung dient dem Gast als Nachweis der Bestellung. Ohne Nachweis hat der Gast keinen Anspruch auf Einlass.<br \/>\nNutzen Sie bitte nur die in der Bestellbest\u00e4tigung angegebene Bankverbindungen.<br \/>\nDas Zahlungsziel von 5 Werktagen ab Erhalt der Bestellbest\u00e4tigung per eMail ist bindend. Werden Fristen nicht eingehalten, hat der Gast keinen Anspruch auf Einlass. Die bestellten Karten gelangen nach Frist\u00fcberschreitung wieder in den Verkauf.<br \/>\nKarten, die 5 oder weniger Werktage vor der geplanten Veranstaltung im Onlineshop gebucht werden, m\u00fcssen an der Abendkasse der geplanten Veranstaltung bezahlt werden, da eine fristgem\u00e4\u00dfe \u00dcberweisung nicht gew\u00e4hrleistet werden kann. Es gilt f\u00fcr diese Buchung nat\u00fcrlich der Vorverkaufspreis.<br \/>\nDer Vorverkauf endet 23.59Uhr des\u00a0Vortages vor dem Veranstaltungstag. Danach setzt automatisch der Preis der Abendkasse ein, es sei denn, der Veranstalter gibt eine andere Preisgestaltung vor.<\/p>\n<p><b>Erm\u00e4\u00dfigungen<br \/>\n<\/b>Wir bieten\u00a0grunds\u00e4tzlich keine Erm\u00e4\u00dfigungen an.<\/p>\n<p><b>Vorverkauf<br \/>\n<\/b>Sie k\u00f6nnen Ihre Eintrittskarten f\u00fcr den \u00fcberwiegenden Teil der Veranstaltungen des Studio7 Panketal\u00a0direkt im Vorverkauf bis mindestens einen Tag\u00a0vor der Veranstaltung erwerben. Voraussetzung ist die Verf\u00fcgbarkeit von Eintrittskarten zu der entsprechenden Veranstaltung.<br \/>\nEintrittskarten von\u00a0Fremdveranstaltern\u00a0sind nicht immer an allen Vorverkaufsstellen erh\u00e4ltlich bzw. nur \u00fcber die\u00a0Vertriebskan\u00e4le\u00a0der jeweiligen Veranstalter\u00a0erh\u00e4ltlich. Auf\u00a0das Verteilungsprinzip der Eintrittskarten von Fremdveranstalter hat das Studio7 Panketal keinen Einfluss.<\/p>\n<p><strong>Die Vorverkaufsstellen des Studio7 Panketal<\/strong><br \/>\n1) Touristinformation Bernau, B\u00fcrgermeisterstrasse<br \/>\n2) Theaterkasse Berlin- Buch, Fu\u00dfg\u00e4ngerzone<br \/>\n3) &lt;Nur ein M\u00fc&gt; &#8211; das Papierfachgesch\u00e4ft in Zepernick, Sch\u00f6nowerstr. 84<br \/>\n4) Onlineshop Studio7 Panketal<\/p>\n<p>Achtung: Zu unserem Ticketpreis erheben die Vorverkaufsstellen Geb\u00fchren.<br \/>\nDas Studio7 Panketal\u00a0hat keinen Einfluss auf die H\u00f6he der Geb\u00fchren.<\/p>\n<p><b>Online- Shop<br \/>\n<\/b>Wir haben die Homepage auf WordPress-Basis und auf e-Commerce mit WooCommerce umgestellt einen eigenen Onlineshop erstellt. Der ist seit dem 1.1.2017 g\u00fcltig.<br \/>\nWir \u00fcberarbeiten\u00a0den Studio7-Online-Shop\u00a0kontinuierlich.<br \/>\nSo funktioniert er:<br \/>\nDer Onlineshop ist selbsterkl\u00e4rend und einfach zu h\u00e4ndeln.<br \/>\nSie erreichen ihn direkt im Men\u00fc \u00fcber den Button &lt;Karten kaufen&gt;.<br \/>\nHier finden Sie alle Programme des Studio7, f\u00fcr die es genau jetzt (Echtzeit) Eintrittskarten zu kaufen gibt.<br \/>\nDie zu diesem Zeitpunkt ausverkauften Programme werden im Onlineshop nicht angezeigt.<br \/>\nSie k\u00f6nnen aber auch komfortabel aus dem &lt;Programm&gt; die Karten bestellen.<br \/>\nKlicken Sie den Button &lt;Programm&gt; .<br \/>\nNutzen Sie zum Kartenkauf den Button rechts neben dem K\u00fcnstler.<br \/>\nSteht <span style=\"color: #008000;\">Karten verf\u00fcgbar<\/span>, sind mindestens 31\u00a0Karten vorhanden.<br \/>\nIst die vorhandene Menge kleiner als 15, wir die genaue St\u00fcckzahl direkt im Produktfeld angezeigt.<br \/>\n<span style=\"color: #ff0000;\">Ausverkauft<\/span> bedeutet: keine Karten mehr verf\u00fcgbar. Im Shop ist das Produkt dann nicht mehr sichtbar.<br \/>\nAlternativprogramme zeigt Ihnen der Shop ebenfalls an.<\/p>\n<p><b>Abendkasse<br \/>\n<\/b>Unsere Abendkasse des Studio7 Panketal \u00f6ffnet eine Stunde vor Veranstaltungsbeginn.<br \/>\nSolange die Veranstaltung nicht ausverkauft ist, gibt es an der Abendkasse auch Karten.<br \/>\nEine Bezahlung erfolgt grunds\u00e4tzlich in bar. Die Bezahlung mit EC- oder Kreditkarten ist nicht m\u00f6glich!<\/p>\n<p><b>Hinweise<br \/>\n<\/b>Bei Musikveranstaltungen mit elektroakustischer Beschallung besteht aufgrund der Lautst\u00e4rke die Gefahr von H\u00f6r- und Gesundheitssch\u00e4den.\u00a0Wir fordern unsere Besucher auf, einen Geh\u00f6rschutz zu tragen. Dieser ist im Einzelhandel\u00a0erh\u00e4ltlich. Das Betreten des Veranstaltungsortes erfolgt auf eigene Gefahr.<br \/>\nDas Mitbringen von Glasbeh\u00e4ltern, Dosen, Tonbandger\u00e4ten, Film- und Videokameras, pyrotechnischen Gegenst\u00e4nden, Fackeln, Wunderkerzen, Waffen und \u00e4hnlichen Gegenst\u00e4nden sowie Substanzen, die dem Bet\u00e4ubungsmittelgesetz unterliegen, ist untersagt. Bei Nichtbeachten des Verbots erfolgt der Verweis vom Veranstaltungsgel\u00e4nde.<br \/>\nTon-, Film-, Foto- und Videoaufnahmen sind im gesamten Grundst\u00fcck des Studio7 Panketal f\u00fcr G\u00e4ste und Betriebsfremde nicht erlaubt. Zuwiderhandlungen k\u00f6nnen strafrechtlich verfolgt werden. Ausnahmen k\u00f6nnen rechtzeitig im Vorfeld beim Gesch\u00e4ftsf\u00fchrer beantragt werden.<br \/>\nDen Hinweisen der Ordnungskr\u00e4fte bzw. der Hausmitarbeiter ist grunds\u00e4tzlich Folge zu leisten!<br \/>\nDas Betreten des B\u00fchnenbereiches, der Nebenr\u00e4ume und des Backstagebereiches ist untersagt!<br \/>\nMit Betreten des Grundst\u00fcckes Studio7 Panketal\u00a0erkl\u00e4rt sich der Besucher einverstanden, dass die vom Personal oder\u00a0den Betreibern des Studio7 Panketal gemachten Foto-, Film- und Videoaufnahmen von Besuchern\u00a0in jedweder Weise genutzt und verwendet werden d\u00fcrfen.<\/p>\n<p><b>Umtausch und R\u00fccknahme von Karten \/\/ Kartenverlust<br \/>\n<\/b>Es besteht kein Anspruch auf R\u00fccknahme\/Umtausch der Karten. \u00c4nderungen des Programms, die Verlegung des Veranstaltungsortes bzw. Veranstaltungstermins sowie Umbesetzungen begr\u00fcnden ebenfalls keine Umtausch-\/R\u00fccknahmepflicht der Karten.<br \/>\nBitte beachten Sie die aktuellen Informationen in unserem Veranstaltungskalender.<br \/>\nF\u00fcr verlorene Eintrittskarten wird vom Studio7 Panketal\u00a0kein Ersatz geleistet.<\/p>\n<p><b>Kontrolle<br \/>\n<\/b>G\u00e4ste bekommen bei Eintritt und gegen Vorlage einer g\u00fcltigen Eintrittskarte bzw. der Zahlungsbest\u00e4tigung einen Kontrollstempel. Dieser erm\u00f6glicht das Verlassen und das wieder Betreten des Veranstaltungsraumes, zum Beispiel w\u00e4hrend der Pause. Bei Nachfragen des Servicepersonals ist dieser unverz\u00fcglich vorzuzeigen. Der Kontrollstempel gilt nur f\u00fcr diese eine gebuchte Veranstaltung. Der Kontrollstempel ist zu jeder Veranstaltung unterschiedlich.<\/p>\n<p><b>Ersatzlose Absage einer Veranstaltung \/ Ticketr\u00fccknahme<br \/>\n<\/b>Bei einer ersatzlosen Absage einer Veranstaltung wird der Kartenpreis (Nennwert der Eintrittskarte) zur\u00fcckerstattet.<br \/>\nVersandkosten bzw. System- oder Vorverkaufsgeb\u00fchren werden nicht erstattet.<br \/>\nDer Anspruch auf R\u00fcckgabe der Karten muss beim Studio7 Panketal geltend gemacht werden!<br \/>\nBei Absagen von Fremdveranstaltungen ist nicht das Studio7 Panketal\u00a0zur R\u00fccknahme der Tickets verpflichtet. Wenden Sie sich bitte an den ausgewiesenen Fremdveranstalter. Diese Fremdveranstaltungen werden auch gesondert auf der Homepage www.studio7panketal.de gekennzeichnet.<\/p>\n<p><b>Gutscheine<br \/>\n<\/b>Mit einem Gutschein als Geschenk liegen Sie immer richtig! Sie k\u00f6nnen in unseren Vorverkaufsstellen einen Gutschein kaufen, der in jeder H\u00f6he ausgestellt werden kann und innerhalb drei Jahren (Verj\u00e4hrungsfrist) einl\u00f6sbar ist; Teileinl\u00f6sungen sind ebenfalls m\u00f6glich.<br \/>\nBei telefonischen oder Onlinebuchungen k\u00f6nnen Gutscheine nicht verrechnet werden.\u00a0In diesem Falle bezahlen Sie die Karten in voller H\u00f6he und bringen den Gutschein dann zur Veranstaltung mit. Dort wird der Gutschein ausnahmsweise finanziell erstattet. Es k\u00f6nnen mehrere Gutscheine gleichzeitig eingel\u00f6st werden. Ist die Guthabensumme gr\u00f6sser als der zu bezahlende Ticketpreis, wird ein neuer Gutschein erstellt.<br \/>\nEine\u00a0Auszahlung von Gutscheinen ohne Ticketerwerb ist grunds\u00e4tzlich ausgeschlossen.<\/p>\n<p><b>Fremdveranstalter<br \/>\n<\/b>Bei Fremdveranstaltungen vermittelt das Studio7 Panketal lediglich Eintrittskarten oder andere angebotenen Leistungen im Auftrag bzw. im Namen und auf Rechnung des jeweiligen Veranstalters. Durch den Kauf von Eintrittskarten bzw. anderer damit zusammenh\u00e4ngender Leistungen kommt ein Vertragsverh\u00e4ltnis nur direkt zwischen dem K\u00e4ufer und Veranstalter zustande. Dieser ist auch verantwortlich f\u00fcr die Erbringung und Erf\u00fcllung der angebotenen Veranstaltung bzw. Leistung.<\/p>\n<p><b>Regelungen f\u00fcr Medienvertreter \/ Akkreditierung<br \/>\n<\/b>Wir bitten Medienvertreter, uns fr\u00fchzeitig vor Veranstaltungsbeginn zu kontaktieren.<br \/>\nBei einem privaten Interesse an einer Veranstaltung nutzen Sie bitte den normalen Ticketverkauf.<\/p>\n<p><b>Hinweise f\u00fcr Fotografen bzw. Filmmitschnitte<br \/>\n<\/b>Bitte erkundigen Sie sich vor Veranstaltungsbeginn bei der Veranstaltungsleitung, in wieweit Fotos oder Filmmitschnitte \u00fcberhaupt bzw. in welchem Zeitfenster diese erlaubt ist.<\/p>\n<p><b>Hinweise f\u00fcr Interviews<br \/>\n<\/b>Bei Interesse an einem Interview wenden sich Sie sich bitte bis mindestens drei Tage vor Veranstaltung an Bert Eulitz, Inhaber des Studio7 Panketal.<br \/>\nVielen Dank f\u00fcr Ihr Verst\u00e4ndnis.<\/p>\n<p><b>Jugendschutz<br \/>\n<\/b>Das Jugendschutzgesetz gilt auf dem gesamten Gel\u00e4nde des Studio7 Panketal, auch bei Veranstaltungen durch Fremdveranstalter.<\/p>\n<p><b>Ausschlussklausel \/ Kein Zutritt<br \/>\n<\/b>Die Mitarbeiter des Studio7 Panketal behalten sich vor, von ihrem Hausrecht Gebrauch zu machen und folgenden\u00a0Personen den Zutritt zur Veranstaltung bzw. zum Veranstaltungsgel\u00e4nde zu verwehren oder von dieser zu verweisen.<br \/>\nAlkoholisierte Personen,\u00a0Personen die rechtsextremen Organisationen angeh\u00f6ren, der rechtsextremen\u00a0Szene zuzuordnen sind oder bereits in der Vergangenheit durch rassistische, nationalistische, antimeitische, sonstige Menschen verachtende \u00c4u\u00dferungen oder Gewaltt\u00e4tigkeit in Erscheinung getreten sind.<\/p>\n<p><b>Speisen und Getr\u00e4nke<br \/>\n<\/b>Das Mitbringen und der Verzehren von eigenen Speisen und Getr\u00e4nken ist nicht gestattet.<\/p>\n","protected":false},"excerpt":{"rendered":"<p>Die Allgemeinen Gesch\u00e4ftsbedingungen (AGB) (aktualisiert und g\u00fcltig seit dem 01.04.2013) Die allgemeinen Gesch\u00e4ftsbedingungen regeln die Beziehungen zwischen den Veranstaltungsbesuchern und dem Studio7 Panketal\u00a0bzw. der Berichterstattung durch Medienvertreter.\u00a0Sie sind auch Bestandteil des Vertrages \u00fcber den Erwerb von Eintrittskarten. Ihre Registrierung, Ihre Daten und deren Nutzung Mit Ihrer pers\u00f6nlichen Registrierung bei www.studio7panketal.de hinterlassen Sie uns Ihre Daten [&hellip;]<\/p>\n","protected":false},"author":1,"featured_media":0,"parent":0,"menu_order":0,"comment_status":"closed","ping_status":"closed","template":"","meta":{"footnotes":""},"class_list":["post-534","page","type-page","status-publish","hentry"],"_links":{"self":[{"href":"https:\/\/studio7panketal.de\/index.php?rest_route=\/wp\/v2\/pages\/534","targetHints":{"allow":["GET"]}}],"collection":[{"href":"https:\/\/studio7panketal.de\/index.php?rest_route=\/wp\/v2\/pages"}],"about":[{"href":"https:\/\/studio7panketal.de\/index.php?rest_route=\/wp\/v2\/types\/page"}],"author":[{"embeddable":true,"href":"https:\/\/studio7panketal.de\/index.php?rest_route=\/wp\/v2\/users\/1"}],"replies":[{"embeddable":true,"href":"https:\/\/studio7panketal.de\/index.php?rest_route=%2Fwp%2Fv2%2Fcomments&post=534"}],"version-history":[{"count":26,"href":"https:\/\/studio7panketal.de\/index.php?rest_route=\/wp\/v2\/pages\/534\/revisions"}],"predecessor-version":[{"id":12868,"href":"https:\/\/studio7panketal.de\/index.php?rest_route=\/wp\/v2\/pages\/534\/revisions\/12868"}],"wp:attachment":[{"href":"https:\/\/studio7panketal.de\/index.php?rest_route=%2Fwp%2Fv2%2Fmedia&parent=534"}],"curies":[{"name":"wp","href":"https:\/\/api.w.org\/{rel}","templated":true}]}}