{"id":1956,"date":"2017-08-30T14:20:14","date_gmt":"2017-08-30T14:20:14","guid":{"rendered":"http:\/\/studio7panketal.de\/?page_id=1956"},"modified":"2017-09-28T07:08:11","modified_gmt":"2017-09-28T07:08:11","slug":"widerrufsbelehrung","status":"publish","type":"page","link":"https:\/\/studio7panketal.de\/?page_id=1956","title":{"rendered":"Widerrufsbelehrung"},"content":{"rendered":"<p><strong>Kein Widerrufsrecht beim Erwerb von Eintrittskarten<\/strong><strong>\u00a0<\/strong><\/p>\n<p>Eine entsprechende Regelung findet sich im B\u00fcrgerlichen Gesetzbuch (BGB) unter \u00a7\u00a0312\u00a0b\u00a0BGB. Es hei\u00dft in \u00a7 312 b Abs. 3 Nr. 6:<\/p>\n<p><em>Die Vorschriften \u00fcber Fernabsatzvertr\u00e4ge finden keine Anwendung auf Vertr\u00e4ge \u00fcber die Erbringung von Dienstleistungen in den Bereichen Unterbringung, Bef\u00f6rderung, Lieferung von Speisen und Getr\u00e4nken sowie Freizeitgestaltung, wenn sich der Unternehmer bei Vertragsschluss verpflichtet, die Dienstleistung zu einem bestimmten Zeitpunkt oder innerhalb eines genau angegebenen Zeitraums zu erbringen.<br \/>\n(Quelle :\u00a0http:\/\/www.internetrecht-rostock.de\/widerruf-ticket.htm )<\/em><\/p>\n<h5 class=\"bold padding-top-middle padding-space-small textsize-extra-big\"><strong>1. Ausschluss (Nichtbestehen) des Widerrufsrechts<\/strong><\/h5>\n<p>Nach \u00a7 312g Abs. 2 Nr. 9 BGB ist bei Fernabsatzvertr\u00e4gen \u00fcber Dienstleistungen im Zusammenhang mit Freizeitbet\u00e4tigungen, die einen spezifischen Termin oder Zeitraum f\u00fcr die Leistungserbringung vorsehen, ein Widerrufsrecht ausgeschlossen. Dem Kunden steht daher kein Widerrufsrecht f\u00fcr die Bestellung der von Studio7 Panketal im Namen der Veranstalter &amp; K\u00fcnstlern angebotenen Dienstleistungen im Zusammenhang mit Freizeitbet\u00e4tigungen, insbesondere Bestellungen von Tickets f\u00fcr Veranstaltungen, zu. Jede Bestellung von Tickets ist damit unmittelbar nach Best\u00e4tigung durch Studio7 Panketal namens des Veranstalters bindend und verpflichtet den Kunden zur Abnahme und unverz\u00fcglichen Bezahlung der bestellten Tickets. Studio7 Panketal hat das Recht, bis zum Vortag der Veranstaltung nicht bezahlte Tickets in den Vorverkauf zur\u00fcckzugeben. In diesem Fall beh\u00e4lt Studio7 Panketal weiterhin den Anspruch auf Zahlung der vertraglich geschuldeten Vorverkaufs-, System-, Bearbeitungs- und Versandgeb\u00fchren. Weitergehende Schadenersatzanspr\u00fcche von Studio7 Panketal sowie des jeweiligen Veranstalters aus dessen Vertragsverh\u00e4ltnis bleiben ggf. daneben bestehen.<\/p>\n<div class=\"panel-body\">\n<hr \/>\n<h5 class=\"bold padding-top-middle padding-space-small textsize-extra-big\"><strong>2. Widerrufsrecht<\/strong><\/h5>\n<p>F\u00fcr alle \u00fcbrigen Bestellungen steht dem Kunden das nachfolgend beschriebene Widerrufsrecht (siehe Widerrufsbelehrung) zu.<\/p>\n<\/div>\n<div class=\"row agb-area\">\n<div class=\"col-sm-12 col-md-12 col-lg-12\">\n<div class=\"custom\">\n<div class=\"panel panel-default adt-panel-sie-sind-veranstalter adt-has-shadow-non-xs\">\n<h2 class=\"panel-heading\">WIDERRUFSBELEHRUNG<\/h2>\n<div class=\"panel-body\">\n<h5 class=\"bold padding-top-middle padding-space-small textsize-extra-big\"><strong><br \/>\nWiderrufsrecht<\/strong><\/h5>\n<p>Sie haben das Recht, binnen vierzehn Tagen ohne Angabe von Gr\u00fcnden diesen Vertrag zu widerrufen.<\/p>\n<p>Die Widerrufsfrist betr\u00e4gt vierzehn Tage ab dem Tag an dem Sie oder ein von Ihnen benannter Dritter, der nicht der Bef\u00f6rderer ist, die letzte Ware in Besitz genommen haben bzw. hat.<\/p>\n<p>Um Ihr Widerrufsrecht auszu\u00fcben, m\u00fcssen Sie uns, Studio7 Panketal, Bert Eulitz, Kleiststrasse 17, 16341 Panketal, Telefon: +49 (0)30 47486655, E-Mail: <span id=\"cloak36989e46ff1069aec91ae237cd9abece\">bert@studio7panketal.de,<\/span>\u00a0mittels einer eindeutigen Erkl\u00e4rung (z.B. ein mit der Post versandter Brief oder E-Mail) \u00fcber Ihren Entschluss, diesen Vertrag zu widerrufen, informieren. Sie k\u00f6nnen daf\u00fcr das beigef\u00fcgte Muster-Widerrufsformular verwenden, das jedoch nicht vorgeschrieben ist.<\/p>\n<p>Zur Wahrung der Widerrufsfrist reicht es aus, dass Sie die Mitteilung \u00fcber die Aus\u00fcbung des Widerrufsrechts vor Ablauf der Widerrufsfrist absenden.<\/p>\n<h3 class=\"bold padding-top-middle padding-space-small textsize-extra-big\"><strong><br \/>\n<span style=\"font-size: 12pt;\">Folgen des Widerrufs<\/span><\/strong><\/h3>\n<p>Wenn Sie diesen Vertrag widerrufen, haben wir Ihnen alle Zahlungen, die wir von Ihnen erhalten haben, einschlie\u00dflich der Lieferkosten (mit Ausnahme der zus\u00e4tzlichen Kosten, die sich daraus ergeben, dass Sie eine andere Art der Lieferung als die von uns angebotene, g\u00fcnstigste Standardlieferung gew\u00e4hlt haben), unverz\u00fcglich und sp\u00e4testens binnen vierzehn Tagen ab dem Tag zur\u00fcckzuzahlen, an dem die Mitteilung \u00fcber Ihren Widerruf dieses Vertrags bei uns eingegangen ist. F\u00fcr diese R\u00fcckzahlung verwenden wir dasselbe Zahlungsmittel, das Sie bei der urspr\u00fcnglichen Transaktion eingesetzt haben, es sei denn, mit Ihnen wurde ausdr\u00fccklich etwas anderes vereinbart; in keinem Fall werden Ihnen wegen dieser R\u00fcckzahlung Entgelte berechnet.<\/p>\n<p>Sie haben die Waren unverz\u00fcglich und in jedem Fall sp\u00e4testens binnen vierzehn Tagen ab dem Tag, an dem Sie uns \u00fcber den Widerruf dieses Vertrags unterrichten, an uns zur\u00fcckzusenden oder zu \u00fcbergeben. Die Frist ist gewahrt, wenn Sie die Waren vor Ablauf der Frist von vierzehn Tagen absenden.&#8220;<\/p>\n<p>Wir tragen die Kosten der R\u00fccksendung der Ware.<\/p>\n<p>Sie m\u00fcssen f\u00fcr einen etwaigen Wertverlust der Waren nur aufkommen, wenn dieser Wertverlust auf einen zur Pr\u00fcfung der Beschaffenheit, Eigenschaften und Funktionsweise der Waren nicht notwendigen Umgang mit ihnen zur\u00fcckzuf\u00fchren ist.<\/p>\n<h3 class=\"bold padding-top-middle padding-space-small textsize-extra-big\"><strong><br \/>\n<span style=\"font-size: 12pt;\">Muster-Widerrufsformular<\/span><\/strong><\/h3>\n<p>(Wenn Sie den Vertrag widerrufen wollen, dann f\u00fcllen Sie bitte dieses Formular aus und senden Sie es zur\u00fcck.)<\/p>\n<p>&#8211;\u00a0 An Studio7 Panketal, Bert Eulitz, Kleiststrasse 17, 16341 Panketal, Telefon: +49 (0)30 47486655, E-Mail: <span id=\"cloak36989e46ff1069aec91ae237cd9abece\">bert@studio7panketal.de<\/span><span id=\"cloak7847da9c0387cb5b80d77d2c778c03c3\"><\/span><\/p>\n<p>&#8211;\u00a0 Hiermit widerrufe(n) ich\/wir (*) den von mir\/uns (*) abgeschlossenen Vertrag \u00fcber den Kauf der folgenden Ware\/n (*) \/ die Erbringung der folgenden Dienstleistung (*)<\/p>\n<p>&#8211;\u00a0 Bestellt am:<\/p>\n<p>&#8211;\u00a0 letzte Ware(n) erhalten am:<\/p>\n<p>&#8211;\u00a0 Kunden oder Bestellnummer (**)<\/p>\n<p>&#8211;\u00a0 Name des\/der Verbraucher(s):<\/p>\n<p>&#8211;\u00a0 Anschrift des\/der Verbraucher(s):<\/p>\n<p>&#8211;\u00a0 Telefonnummer des\/der Verbraucher(s) f\u00fcr R\u00fcckfragen<\/p>\n<p>&#8211;\u00a0 Datum, Ort:<\/p>\n<p>&#8211;\u00a0 Unterschrift des\/der Verbraucher(s) (nur bei Mitteilung auf Papier)<\/p>\n<p>&nbsp;<\/p>\n<p>&#8212;&#8212;&#8212;&#8212;&#8212;&#8212;&#8212;&#8212;&#8212;&#8212;&#8212;&#8212;&#8212;&#8212;-<\/p>\n<p>&#8211;\u00a0 (*) Unzutreffendes bitte streichen.<\/p>\n<p>&#8211;\u00a0 (**) Soweit bereits mitgeteilt.<\/p>\n<p><strong>\u00a0<\/strong><\/p>\n<p><strong>Ende der Widerrufsbelehrung<\/strong><\/p>\n<p>&nbsp;<\/p>\n<p>Stand: 01.01.2017<\/p>\n<\/div>\n<\/div>\n<\/div>\n<\/div>\n<\/div>\n","protected":false},"excerpt":{"rendered":"<p>Kein Widerrufsrecht beim Erwerb von Eintrittskarten\u00a0 Eine entsprechende Regelung findet sich im B\u00fcrgerlichen Gesetzbuch (BGB) unter \u00a7\u00a0312\u00a0b\u00a0BGB. Es hei\u00dft in \u00a7 312 b Abs. 3 Nr. 6: Die Vorschriften \u00fcber Fernabsatzvertr\u00e4ge finden keine Anwendung auf Vertr\u00e4ge \u00fcber die Erbringung von Dienstleistungen in den Bereichen Unterbringung, Bef\u00f6rderung, Lieferung von Speisen und Getr\u00e4nken sowie Freizeitgestaltung, wenn sich [&hellip;]<\/p>\n","protected":false},"author":1,"featured_media":0,"parent":0,"menu_order":0,"comment_status":"closed","ping_status":"closed","template":"","meta":{"footnotes":""},"class_list":["post-1956","page","type-page","status-publish","hentry"],"_links":{"self":[{"href":"https:\/\/studio7panketal.de\/index.php?rest_route=\/wp\/v2\/pages\/1956","targetHints":{"allow":["GET"]}}],"collection":[{"href":"https:\/\/studio7panketal.de\/index.php?rest_route=\/wp\/v2\/pages"}],"about":[{"href":"https:\/\/studio7panketal.de\/index.php?rest_route=\/wp\/v2\/types\/page"}],"author":[{"embeddable":true,"href":"https:\/\/studio7panketal.de\/index.php?rest_route=\/wp\/v2\/users\/1"}],"replies":[{"embeddable":true,"href":"https:\/\/studio7panketal.de\/index.php?rest_route=%2Fwp%2Fv2%2Fcomments&post=1956"}],"version-history":[{"count":4,"href":"https:\/\/studio7panketal.de\/index.php?rest_route=\/wp\/v2\/pages\/1956\/revisions"}],"predecessor-version":[{"id":2132,"href":"https:\/\/studio7panketal.de\/index.php?rest_route=\/wp\/v2\/pages\/1956\/revisions\/2132"}],"wp:attachment":[{"href":"https:\/\/studio7panketal.de\/index.php?rest_route=%2Fwp%2Fv2%2Fmedia&parent=1956"}],"curies":[{"name":"wp","href":"https:\/\/api.w.org\/{rel}","templated":true}]}}