{"id":1955,"date":"2017-08-30T14:20:14","date_gmt":"2017-08-30T14:20:14","guid":{"rendered":"http:\/\/studio7panketal.de\/?page_id=1955"},"modified":"2022-12-13T10:45:33","modified_gmt":"2022-12-13T10:45:33","slug":"impressum","status":"publish","type":"page","link":"https:\/\/studio7panketal.de\/?page_id=1955","title":{"rendered":"Impressum"},"content":{"rendered":"<div id=\"c169\" class=\"csc-default\">\n<p>Bert Eulitz<br \/>\nc\/o Studio7 Panketal<br \/>\nKleiststrasse 17<br \/>\n16341 Panketal<\/p>\n<p>E-Mail: bert(at)studio7panketal.de<br \/>\nInternet: www.studio7panketal.de<\/p>\n<p>Inhaltlich Verantwortlicher gem\u00e4\u00df \u00a7 55 Abs. 2 RStV:<br \/>\nBert Eulitz (Anschrift wie oben)<br \/>\nKonzept, Design, Programmierung &amp; Umsetzung mit WordPress<\/p>\n<\/div>\n<p><strong>Information<br \/>\n<\/strong>Wir weisen Sie grunds\u00e4tzlich und vorsorglich darauf hin, keine Abmahnung ohne vorherige Kontaktaufnahme einzuleiten! Sollten Inhalte (z.B. Bilder, Texte, Aufmachungen und Sonstiges) dieses Internetauftritts Rechte Dritter oder gesetzliche Bestimmungen verletzen, bitten wir um eine entsprechende, kostenfreie Nachricht. Wir garantieren alle Inhalte unverz\u00fcglich zu entfernen, wenn sie zu Recht beanstandet werden, ohne dass die Einschaltung eines Rechtsbeistandes notwendig ist. Sollten Sie dennoch Kosten ausl\u00f6sen, ohne uns vorher informiert zu haben, werden wir diese vollumf\u00e4nglich zur\u00fcckweisen und ggf. Gegenklage wegen Verletzung dieser Bestimmungen einreichen.<\/p>\n<p><strong>Haftung f\u00fcr Inhalte, Urheberrecht und Links auf dieser Website<br \/>\n<\/strong>Gem\u00e4\u00df \u00a7 7 Abs.1 TMG sind wir f\u00fcr eigene Inhalte auf diesen Seiten nach den allgemeinen Gesetzen verantwortlich. Nach \u00a7\u00a7 8 bis 10 TMG sind wir jedoch nicht verpflichtet, \u00fcbermittelte oder gespeicherte fremde Informationen zu \u00fcberwachen oder nach Umst\u00e4nden zu forschen, die auf eine rechtswidrige T\u00e4tigkeit hinweisen.<br \/>\nVerpflichtungen zur Entfernung oder Sperrung der Nutzung von Informationen nach den allgemeinen Gesetzen bleiben hiervon unber\u00fchrt. Eine diesbez\u00fcgliche Haftung ist jedoch erst ab dem Zeitpunkt der Kenntnis einer konkreten Rechtsverletzung m\u00f6glich. Bei Bekanntwerden von entsprechenden Rechtsverletzungen werden wir diese Inhalte umgehend entfernen.<br \/>\nF\u00fcr die Inhalte von verlinkten Seiten ist der Betreiber dieser Website nicht verantwortlich. Zum Zeitpunkt der Verlinkung waren keine rechtswidrigen Inhalte erkennbar.<br \/>\nDer Inhalt dieser Seiten unterliegen dem deutschen Urheberrecht. Die Vervielf\u00e4ltigung, Bearbeitung, Verbreitung und jede Art der Verwertung au\u00dferhalb der Grenzen des Urheberrechtes bed\u00fcrfen der schriftlichen Zustimmung des jeweiligen Autors bzw. Erstellers.<\/p>\n<div id=\"c169\" class=\"csc-default\">\n<\/div>\n","protected":false},"excerpt":{"rendered":"<p>Bert Eulitz c\/o Studio7 Panketal Kleiststrasse 17 16341 Panketal E-Mail: bert(at)studio7panketal.de Internet: www.studio7panketal.de Inhaltlich Verantwortlicher gem\u00e4\u00df \u00a7 55 Abs. 2 RStV: Bert Eulitz (Anschrift wie oben) Konzept, Design, Programmierung &amp; Umsetzung mit WordPress Information Wir weisen Sie grunds\u00e4tzlich und vorsorglich darauf hin, keine Abmahnung ohne vorherige Kontaktaufnahme einzuleiten! Sollten Inhalte (z.B. Bilder, Texte, Aufmachungen und [&hellip;]<\/p>\n","protected":false},"author":1,"featured_media":0,"parent":0,"menu_order":0,"comment_status":"closed","ping_status":"closed","template":"","meta":{"footnotes":""},"class_list":["post-1955","page","type-page","status-publish","hentry"],"_links":{"self":[{"href":"https:\/\/studio7panketal.de\/index.php?rest_route=\/wp\/v2\/pages\/1955","targetHints":{"allow":["GET"]}}],"collection":[{"href":"https:\/\/studio7panketal.de\/index.php?rest_route=\/wp\/v2\/pages"}],"about":[{"href":"https:\/\/studio7panketal.de\/index.php?rest_route=\/wp\/v2\/types\/page"}],"author":[{"embeddable":true,"href":"https:\/\/studio7panketal.de\/index.php?rest_route=\/wp\/v2\/users\/1"}],"replies":[{"embeddable":true,"href":"https:\/\/studio7panketal.de\/index.php?rest_route=%2Fwp%2Fv2%2Fcomments&post=1955"}],"version-history":[{"count":3,"href":"https:\/\/studio7panketal.de\/index.php?rest_route=\/wp\/v2\/pages\/1955\/revisions"}],"predecessor-version":[{"id":12664,"href":"https:\/\/studio7panketal.de\/index.php?rest_route=\/wp\/v2\/pages\/1955\/revisions\/12664"}],"wp:attachment":[{"href":"https:\/\/studio7panketal.de\/index.php?rest_route=%2Fwp%2Fv2%2Fmedia&parent=1955"}],"curies":[{"name":"wp","href":"https:\/\/api.w.org\/{rel}","templated":true}]}}