{"id":1455,"date":"2017-04-19T14:38:14","date_gmt":"2017-04-19T14:38:14","guid":{"rendered":"http:\/\/studio7panketal.de\/?page_id=1455"},"modified":"2025-01-16T08:09:20","modified_gmt":"2025-01-16T08:09:20","slug":"saalplaene","status":"publish","type":"page","link":"https:\/\/studio7panketal.de\/?page_id=1455","title":{"rendered":"Saalpl\u00e4ne"},"content":{"rendered":"<p>Hier finden Sie die beiden\u00a0Varianten der Bestuhlung des Studio7 in Panketal.<br \/>\nAchtung: es handelt sich um Skizzen!<br \/>\nRollstuhlfahrer stehen vorn links an der B\u00fchne.<br \/>\nMaximal 2 Rollst\u00fchle finden Platz.<\/p>\n<p>Grunds\u00e4tzlich bieten wir <strong>freie<\/strong> <strong>Platzwahl<\/strong> an.<br \/>\nReservierungen werden nur in dringenden F\u00e4llen \u00fcbernommen: z.B. f\u00fcr<br \/>\n&#8211;\u00a0eine\u00a0Begleitperson eines\u00a0Rollstuhlfahrers oder<br \/>\n&#8211;\u00a0nachweislich gehbehinderte Menschen &#8230;<\/p>\n<p><strong>Keine Sitzplatzgarantie<br \/>\n<\/strong>z.B.\u00a0bei Rock- Konzerten&#8230; bedeutet:<br \/>\nCa. 50 Sitzpl\u00e4tze (20 St\u00fchle, 30 Barhocker), der Rest sind Stehpl\u00e4tze an Stehtischen.<\/p>\n<p><img loading=\"lazy\" decoding=\"async\" class=\"alignnone wp-image-18001 \" src=\"https:\/\/studio7panketal.de\/wp-content\/uploads\/2025\/01\/Saal-Konzert-2025-640x1024.jpg\" alt=\"\" width=\"375\" height=\"600\" srcset=\"https:\/\/studio7panketal.de\/wp-content\/uploads\/2025\/01\/Saal-Konzert-2025-640x1024.jpg 640w, https:\/\/studio7panketal.de\/wp-content\/uploads\/2025\/01\/Saal-Konzert-2025-188x300.jpg 188w, https:\/\/studio7panketal.de\/wp-content\/uploads\/2025\/01\/Saal-Konzert-2025-768x1229.jpg 768w, https:\/\/studio7panketal.de\/wp-content\/uploads\/2025\/01\/Saal-Konzert-2025-380x608.jpg 380w, https:\/\/studio7panketal.de\/wp-content\/uploads\/2025\/01\/Saal-Konzert-2025.jpg 800w\" sizes=\"auto, (max-width: 375px) 100vw, 375px\" \/><\/p>\n<hr \/>\n<p><strong><br \/>\nSitzplatzgarantie<br \/>\n<\/strong>z.B bei<strong>\u00a0<\/strong>Theater, Kabarett, Lesungen oder ausgesuchten Konzerten bedeutet:<br \/>\n30 Barhocker und 50 St\u00fchle<\/p>\n<p><img loading=\"lazy\" decoding=\"async\" class=\"alignnone wp-image-17999 \" src=\"https:\/\/studio7panketal.de\/wp-content\/uploads\/2025\/01\/Saal-Theater-2025-640x1024.jpg\" alt=\"\" width=\"375\" height=\"600\" srcset=\"https:\/\/studio7panketal.de\/wp-content\/uploads\/2025\/01\/Saal-Theater-2025-640x1024.jpg 640w, https:\/\/studio7panketal.de\/wp-content\/uploads\/2025\/01\/Saal-Theater-2025-188x300.jpg 188w, https:\/\/studio7panketal.de\/wp-content\/uploads\/2025\/01\/Saal-Theater-2025-768x1229.jpg 768w, https:\/\/studio7panketal.de\/wp-content\/uploads\/2025\/01\/Saal-Theater-2025-380x608.jpg 380w, https:\/\/studio7panketal.de\/wp-content\/uploads\/2025\/01\/Saal-Theater-2025.jpg 800w\" sizes=\"auto, (max-width: 375px) 100vw, 375px\" \/><\/p>\n","protected":false},"excerpt":{"rendered":"<p>Hier finden Sie die beiden\u00a0Varianten der Bestuhlung des Studio7 in Panketal. Achtung: es handelt sich um Skizzen! Rollstuhlfahrer stehen vorn links an der B\u00fchne. Maximal 2 Rollst\u00fchle finden Platz. Grunds\u00e4tzlich bieten wir freie Platzwahl an. Reservierungen werden nur in dringenden F\u00e4llen \u00fcbernommen: z.B. f\u00fcr &#8211;\u00a0eine\u00a0Begleitperson eines\u00a0Rollstuhlfahrers oder &#8211;\u00a0nachweislich gehbehinderte Menschen &#8230; Keine Sitzplatzgarantie z.B.\u00a0bei Rock- [&hellip;]<\/p>\n","protected":false},"author":1,"featured_media":0,"parent":0,"menu_order":0,"comment_status":"closed","ping_status":"closed","template":"","meta":{"footnotes":""},"class_list":["post-1455","page","type-page","status-publish","hentry"],"_links":{"self":[{"href":"https:\/\/studio7panketal.de\/index.php?rest_route=\/wp\/v2\/pages\/1455","targetHints":{"allow":["GET"]}}],"collection":[{"href":"https:\/\/studio7panketal.de\/index.php?rest_route=\/wp\/v2\/pages"}],"about":[{"href":"https:\/\/studio7panketal.de\/index.php?rest_route=\/wp\/v2\/types\/page"}],"author":[{"embeddable":true,"href":"https:\/\/studio7panketal.de\/index.php?rest_route=\/wp\/v2\/users\/1"}],"replies":[{"embeddable":true,"href":"https:\/\/studio7panketal.de\/index.php?rest_route=%2Fwp%2Fv2%2Fcomments&post=1455"}],"version-history":[{"count":18,"href":"https:\/\/studio7panketal.de\/index.php?rest_route=\/wp\/v2\/pages\/1455\/revisions"}],"predecessor-version":[{"id":19139,"href":"https:\/\/studio7panketal.de\/index.php?rest_route=\/wp\/v2\/pages\/1455\/revisions\/19139"}],"wp:attachment":[{"href":"https:\/\/studio7panketal.de\/index.php?rest_route=%2Fwp%2Fv2%2Fmedia&parent=1455"}],"curies":[{"name":"wp","href":"https:\/\/api.w.org\/{rel}","templated":true}]}}