{"id":11139,"date":"2022-02-25T11:25:58","date_gmt":"2022-02-25T11:25:58","guid":{"rendered":"http:\/\/studio7panketal.de\/?page_id=11139"},"modified":"2026-03-15T10:50:58","modified_gmt":"2026-03-15T10:50:58","slug":"ticketshop-richtig-einloggen-aber-wie","status":"publish","type":"page","link":"https:\/\/studio7panketal.de\/?page_id=11139","title":{"rendered":"TicketShop &#8211; richtig einloggen, aber wie?"},"content":{"rendered":"<p><b>1) Sie sind schon Kunde?<br \/>\n<\/b>Dann gehen Sie wie folgt vor:<br \/>\n&#8211; Studio7 Homepage \u00f6ffnen<br \/>\n&#8211; im Hauptmen\u00fc den Button \u201eMein Konto\u201c anklicken<br \/>\n&#8211; unter &lt;Anmelden&gt; mit Emailadresse und Passwort einloggen \u2026 fertig.<br \/>\n<strong>Weiter mit 3)<\/strong><\/p>\n<p><b>2) Sind Sie Neukunde?<span class=\"Apple-converted-space\"><br \/>\n<\/span><\/b><span class=\"Apple-converted-space\">Dann gehen Sie wie folgt vor:<\/span><b><span class=\"Apple-converted-space\"><br \/>\n<\/span><\/b>&#8211; im Men\u00fc den Button \u201eMein Konto\u201c anklicken<br \/>\n&#8211; auf &lt;Neues Kundenkonto anlegen&gt; klicken<br \/>\n&#8211; Emailadresse eingeben<br \/>\n&#8211; weiter herunter scrollen<br \/>\n&#8211; Haken in das K\u00e4stchen bei \u201eja, ich m\u00f6chte neues Kundenkonto er\u00f6ffnen\u2026\u201c setzen<br \/>\n&#8211; Schaltfl\u00e4che \u201eneues Kundenkonto anlegen\u201c klicken<br \/>\n&#8211; es wurde eine Email mit einem Passwort und einem Link an die verwendete Adresse geschickt<br \/>\n&#8211; bitte die Email \u00f6ffnen und auf den mitgeschickten Link klicken<br \/>\n&#8211; jetzt ist das Neukundenkonto best\u00e4tigt<\/p>\n<p>Nun k\u00f6nnen Sie sich auf der Homepage studio7panketal.de mit dem mitgeschickten Passwort unter \u201eMein Konto\u201c anmelden, dieses Passwort dort auch \u00e4ndern und ein eigenes Passwort erstellen\u2026<br \/>\n<strong>Tipp<\/strong>: viele Endger\u00e4te erlauben das Speichern des Passwortes, so entf\u00e4llt der erneute Login.<\/p>\n<p><strong>3) Passwort vergessen?<\/strong><br \/>\nHaben Sie das Passwort vergessen, k\u00f6nnen Sie sich auf \u201ePasswort vergessen\u201c ein neues per Email zuschicken lassen und behalten oder sp\u00e4ter auch wieder unter \u201eMein Konto\u201c ver\u00e4ndern.<span class=\"Apple-converted-space\">\u00a0<\/span><\/p>\n<p><b>4) Karten kaufen! So geht&#8217;s:<br \/>\n<\/b>Sind Sie eingeloggt, k\u00f6nnen Sie Tickets auf unserer Homepage kaufen \/ bestellen \/ reservieren.<br \/>\nDazu gehen Sie auf \u201eProgramm\u201c im Hauptmen\u00fc der Studio7Panketal.de- Seite.<br \/>\nSie suchen sich die Veranstaltung aus, klicken auf<span class=\"Apple-converted-space\">\u00a0 <\/span>\u201eInfos &amp; Karten&#8220;. Alles Weitere ist selbsterkl\u00e4rend.<span class=\"Apple-converted-space\"><br \/>\n<\/span>Sie k\u00f6nnen auch direkt den TicketShop besuchen und dort unter der gew\u00fcnschten Veranstaltung<span class=\"Apple-converted-space\">\u00a0 <\/span>\u201ein den Warenkorb legen\u201c klicken.<br \/>\n<strong>5) Kartenmenge \u00e4ndern<\/strong><br \/>\nJetzt k\u00f6nnen Sie die Menge variabel einstellen. Nutzen Sie daf\u00fcr die Pfeiltaste neben der Mengenzahl. Wichtig: nach jeder Ver\u00e4nderung bitte \u201eWarenkorb aktualisieren\u201c klicken.<br \/>\n<strong>6) Weitere Karten kaufen<\/strong><br \/>\nSie k\u00f6nnen auch noch beliebig andere Karten in dieselbe Bestellung nehmen und auch dort ebenfalls die Menge variieren. Gehen Sie dazu im Men\u00fc auf TicketShop oder Programm und suchen Sie sich die Veranstaltungen raus und klicken Sie \u201ein den Warenkorb\u201c bzw. \u201eKarten reservieren \/ bestellen. Jetzt k\u00f6nnen Sie auch hier die Menge variieren und auch hier gilt: bitte \u201eWarenkorb aktualisieren\u201c klicken.<br \/>\n<strong>7) Bestellung l\u00f6schen<\/strong><br \/>\nHaben Sie sich vertan, finden Sie im Warenkorb neben jeder Veranstaltung ein rotes Kreuz. Damit k\u00f6nnen Sie die Karten aus dem Warenkorb l\u00f6schen. Die gel\u00f6schten Tickets stehen nun unter dem Button Warenkorb und Kasse. Mit einem Klick auf den gr\u00fcnen Pfeil links neben der gel\u00f6schten Bestellung k\u00f6nnen Sie die L\u00f6schung r\u00fcckg\u00e4ngig machen.<br \/>\n<strong>8) Kauf abschliessen<\/strong><br \/>\nNun haben Sie alle Karten im Warenkorb! Jetzt dr\u00fccken Sie den blauen Butten \u201eKasse\u201c oder \u201eweiter zur Kasse\u201c.<br \/>\nTragen Sie jetzt links Ihre pers\u00f6nlichen Daten ein, k\u00f6nnen im unteren Feld \u201eZus\u00e4tzlich Informationen\u201c noch ein paar Details wie \u201eRollstuhlfahrer\u201c oder \u201eIch brauche einen Stuhl\u201c eintragen, setzen dann auf der rechten Seite den Haken bei \u201emit dieser Bestellung erkl\u00e4rst du dich mit unseren \u2026 einverstanden!\u201c, \u00fcberpr\u00fcfen noch mal alles. Sind Sie mit allem zufrieden, klicken im Warenkorb auf \u201ejetzt kaufen\u201c \u2026 und fertig. Jetzt sind die Karten bestellt. M\u00f6chten Sie doch noch mal was ver\u00e4ndern, geht das mit einem Klick auf &#8222;TicketShop&#8220; oben im Hauptmen\u00fc. Jetzt sind Sie wieder im Warenkorb und machen weiter, wie vorher beschrieben: l\u00f6schen, hinzuf\u00fcgen, Menge \u00e4ndern, Kasse&#8230;\u00a0<span class=\"Apple-converted-space\"><br \/>\n<strong>9) Karten bezahlen<\/strong><br \/>\n<\/span>Sie haben Ihre Karten bestellt. Jetzt liegt In Ihrem Emailfach eine Mail aus dem Onlineshop. Darin finden Sie die bestellten Karten, den Kaufpreis, die Bestellnummer und die Bankverbindung.<br \/>\nSie \u00fcberweisen den kompletten Betrag in einer Summe und nennen als Zahlungsgrund die Bestellnummer aus Ihrer Bestellbest\u00e4tigung. Fertig.<br \/>\n<strong>10) Gutscheine einl\u00f6sen<\/strong><br \/>\nGutscheine k\u00f6nnen online leider nicht eingel\u00f6st werden. Sie bestellen und bezahlen Ihre Karten komplett wie beschrieben und bringen den Gutschein zur Veranstaltung mit. Den Betrag erstatten wir in bar. Ist der Wert des Gutscheins h\u00f6her als der bezahlte Kartenpreis, wird ein neuer Gutschein erstellt. Es k\u00f6nnen auch mehrere Gutscheine mit einem Mal eingel\u00f6st werden. Auch beim Erwerb von Eintrittskarten direkt an der Abendkasse werden Studio7- Gutscheine als Zahlungsmittel entgegen genommen.<br \/>\n<strong>11) Zahlungsbest\u00e4tigung &amp; Nachweis<\/strong><br \/>\nNach Eingang und Pr\u00fcfung der Zahlung durch das Studio7 erhalten Sie die Zahlungsbest\u00e4tigung per Email. Das kann ein paar Tage in Anspruch nehmen. Diese Zahlungsbest\u00e4tigung ist Ihre Eintrittskarte und Ihr Nachweis im Zweifel, deshalb speichern Sie diese bitte ab oder drucken Sie diese aus.<\/p>\n<p>\u00dcbrigens: Auf der Homepage Studio7Panketal.de finden Sie unter \u201eMein Konto\u201c &#8211; wenn Sie eingeloggt sind &#8211; alle Ihre Bestellungen und den Status der Bezahlung.<\/p>\n<p>Und beim n\u00e4chsten Mal ist das alles nur noch ein Kinderspiel.<\/p>\n<p>Gute Unterhaltung.<\/p>\n","protected":false},"excerpt":{"rendered":"<p>1) Sie sind schon Kunde? Dann gehen Sie wie folgt vor: &#8211; Studio7 Homepage \u00f6ffnen &#8211; im Hauptmen\u00fc den Button \u201eMein Konto\u201c anklicken &#8211; unter &lt;Anmelden&gt; mit Emailadresse und Passwort einloggen \u2026 fertig. Weiter mit 3) 2) Sind Sie Neukunde? Dann gehen Sie wie folgt vor: &#8211; im Men\u00fc den Button \u201eMein Konto\u201c anklicken &#8211; [&hellip;]<\/p>\n","protected":false},"author":1,"featured_media":0,"parent":0,"menu_order":0,"comment_status":"closed","ping_status":"closed","template":"","meta":{"footnotes":""},"class_list":["post-11139","page","type-page","status-publish","hentry"],"_links":{"self":[{"href":"https:\/\/studio7panketal.de\/index.php?rest_route=\/wp\/v2\/pages\/11139","targetHints":{"allow":["GET"]}}],"collection":[{"href":"https:\/\/studio7panketal.de\/index.php?rest_route=\/wp\/v2\/pages"}],"about":[{"href":"https:\/\/studio7panketal.de\/index.php?rest_route=\/wp\/v2\/types\/page"}],"author":[{"embeddable":true,"href":"https:\/\/studio7panketal.de\/index.php?rest_route=\/wp\/v2\/users\/1"}],"replies":[{"embeddable":true,"href":"https:\/\/studio7panketal.de\/index.php?rest_route=%2Fwp%2Fv2%2Fcomments&post=11139"}],"version-history":[{"count":15,"href":"https:\/\/studio7panketal.de\/index.php?rest_route=\/wp\/v2\/pages\/11139\/revisions"}],"predecessor-version":[{"id":20917,"href":"https:\/\/studio7panketal.de\/index.php?rest_route=\/wp\/v2\/pages\/11139\/revisions\/20917"}],"wp:attachment":[{"href":"https:\/\/studio7panketal.de\/index.php?rest_route=%2Fwp%2Fv2%2Fmedia&parent=11139"}],"curies":[{"name":"wp","href":"https:\/\/api.w.org\/{rel}","templated":true}]}}