{"id":11012,"date":"2022-02-23T11:36:03","date_gmt":"2022-02-23T11:36:03","guid":{"rendered":"http:\/\/studio7panketal.de\/?page_id=11012"},"modified":"2025-03-25T14:40:57","modified_gmt":"2025-03-25T14:40:57","slug":"warum-das-studio7-einzigartig-ist","status":"publish","type":"page","link":"https:\/\/studio7panketal.de\/?page_id=11012","title":{"rendered":"\u00dcber uns"},"content":{"rendered":"<p><span style=\"font-family: inherit; font-size: inherit;\"><strong>\u00dcber uns und warum das Studio7 so einzigartig bzw. Kleinkunst so wichtig ist &#8230;<\/strong>\u00a0<br \/>Seit 12 Jahren verwandelt sich an den Wochenenden zwischen Oktober und Mai mein Probenraum in eine Kleinkunstb\u00fchne. Der alte Pferdestall aus dem 19. JH hat Platz f\u00fcr max. 80 G\u00e4ste, ist also nicht gerade gross, bietet aber eine kulturelle Vielfalt, die ihresgleichen sucht! Zu erleben ist hier n\u00e4mlich fast alles. Von Rock, Pop, Blues und Jazz bis hin zu Liedermachern, Coverbands, Kabarettisten und Comedians ist alles dabei.\u00a0<br \/>Neben einer ca. 14qm grossen B\u00fchne mit professioneller Licht- und Tontechnik gibt es einen sch\u00f6nen Backstagebereich f\u00fcr die K\u00fcnstler und eine kleine Bar f\u00fcr die G\u00e4ste.<br \/>\u00a0<br \/>Ich selbst bin seit 1986 beruflich als Musiker und Techniker unterwegs und hatte das Gl\u00fcck, die meisten derer, die hier auftreten, lange vorher kennengelernt und mit vielen von ihnen auch auf der B\u00fchne gearbeitet zu haben. Diese Begegnungen und Freundschaften kommen mir zugute und der Rest ist Geschichte.<br \/>Zu erleben sind neben vielen Prominenten (siehe R\u00fcckblick) auch K\u00fcnstler, die noch keine so grosse Bekanntheit geniessen, von denen ich aber glaube, sie den G\u00e4sten unbedingt mal vorstellen zu m\u00fcssen, weil sie in meinen Augen extrem gut sind! Hier funktioniert das Studio7 als &#8222;k\u00fcnstlerischer Kindergarten&#8220; und &#8222;Versuchslabor&#8220;. Eine wichtige Arbeit, da ich um die Schwierigkeiten wei\u00df, als &lt;NoName&gt; Auftrittsm\u00f6glichkeiten und Publikum zu finden!<\/span><\/p>\n<p><span style=\"font-family: inherit; font-size: inherit;\">Aber auch die K\u00fcnstler sch\u00e4tzen das Studio7 sehr. Hier wird nicht nur geprobt, hier laufen \u00f6ffentliche Vorpremieren, bevor es auf grosse Tournee geht, sogar Videos wurden schon gedreht&#8230; <br \/>Sie sp\u00fcren vor allem Herzblut, lieben den guten Ton- und das nicht nur, weil das Studio7 technisch bestens ausgestattet ist! Sie k\u00f6nnen sich ausprobieren, lieben die Intimit\u00e4t, die Spontanit\u00e4t und die tolle M\u00f6glichkeit der Interaktion durch die direkte N\u00e4he zum Publikum, das sich im Studio7 immer wieder als grossartig und sehr begeisterungsf\u00e4hig entpuppt. Mit der Vielseitigkeit des Programms w\u00e4chst auch der Mix des Publikums. Zwischen 15 und 90 war schon alles dabei, jeder ist willkommen und nicht selten werden einst z\u00f6gerliche Besucher zu &#8222;Wiederholungst\u00e4tern&#8220; oder gar Stammg\u00e4sten&#8230;\u00a0<\/span><\/p>\n<p><span style=\"font-family: inherit; font-size: inherit;\">Und diese Begeisterungsf\u00e4higkeit schafft Raum f\u00fcr Neues, Unbekanntes, nicht in den Mainstream passendes! Viele Besucher lassen sich inzwischen von meinem Angebot inspirieren und probieren vieles aus. Sie merken, dass es Grossartiges zu entdecken gibt, wenn man offen ist f\u00fcr Neues!\u00a0<\/span><\/p>\n<p>Mein tolles Team um Anke, Birgit, Lutz und Uwe, das mich seit Jahren begleitet, m\u00f6chte ich dieser Stelle nicht vergessen! Ohne ihr ehrenamtliches Engagement w\u00e4re das alles \u00fcberhaupt nicht machbar!\u00a0<\/p>\n<p><span style=\"font-family: inherit; font-size: inherit;\">Vielleicht ist deshalb das Studio7 so einzigartig und f\u00fcr viele eine wichtige Adresse im Kiez geworden? Aber auch von weit her kommen nicht selten G\u00e4ste, denn kurioserweise fahren einige zum Teil viele Kilometer, um uns zu besuchen. Von Dresden \u00fcber Hamburg, Potsdam und Hannover war schon alles dabei. Es muss also etwas dran sein&#8230; am Mythos Studio7&#8230;\u00a0<br \/>Und vielleicht geh\u00f6ren auch Sie bald dazu? Warum in die Ferne schweifen, wenn das Gute liegt so nah?<\/span><\/p>\n<p><span style=\"font-family: inherit; font-size: inherit;\">Und noch einen letzten Gedanken zum Schluss:<br \/>Nat\u00fcrlich muss ein Top Act sein. Auch ich liebe die Stimmung, wenn 20.000 Menschen jubeln und lauthals mitsingen&#8230; einfach gigantisch!\u00a0<br \/>Aber statistisch gesehen kostet 1 Ticket f\u00fcr einen Top Act heute so viel, wie etwa 5 Tickets im Club oder in der Kleinkunstb\u00fchne. Und ehrlich: wie oft habe ich mich schon aufgeregt \u00fcber die Sicht, den Sound oder die Preise am Tresen? <br \/>Mein Tipp: Einen Top Act weniger besuchen, daf\u00fcr mehr Club- und Kleinkunst. <br \/>Warum? Weil es nichts besseres f\u00fcr&#8217;s Geld geben kann, als kleinere L\u00e4den mit tollen Acts, super Stimmung, k\u00fchlen Getr\u00e4nken und vern\u00fcnftigen Preisen! Geht die Club- und Kleinkunstszene erst verloren, gibt es weder kulturelle Vielfalt noch die Stars von morgen!\u00a0<\/span><\/p>\n<p><span style=\"font-family: inherit; font-size: inherit;\">Wir, das Studio7- Team und ich, freuen uns sehr auf Ihren Besuch!<br \/>Ihr Bert Eulitz<br \/><\/span><\/p>\n\n\n<p><\/p>\n","protected":false},"excerpt":{"rendered":"<p>\u00dcber uns und warum das Studio7 so einzigartig bzw. Kleinkunst so wichtig ist &#8230;\u00a0Seit 12 Jahren verwandelt sich an den Wochenenden zwischen Oktober und Mai mein Probenraum in eine Kleinkunstb\u00fchne. Der alte Pferdestall aus dem 19. JH hat Platz f\u00fcr max. 80 G\u00e4ste, ist also nicht gerade gross, bietet aber eine kulturelle Vielfalt, die ihresgleichen [&hellip;]<\/p>\n","protected":false},"author":1,"featured_media":0,"parent":0,"menu_order":0,"comment_status":"closed","ping_status":"closed","template":"","meta":{"footnotes":""},"class_list":["post-11012","page","type-page","status-publish","hentry"],"_links":{"self":[{"href":"https:\/\/studio7panketal.de\/index.php?rest_route=\/wp\/v2\/pages\/11012","targetHints":{"allow":["GET"]}}],"collection":[{"href":"https:\/\/studio7panketal.de\/index.php?rest_route=\/wp\/v2\/pages"}],"about":[{"href":"https:\/\/studio7panketal.de\/index.php?rest_route=\/wp\/v2\/types\/page"}],"author":[{"embeddable":true,"href":"https:\/\/studio7panketal.de\/index.php?rest_route=\/wp\/v2\/users\/1"}],"replies":[{"embeddable":true,"href":"https:\/\/studio7panketal.de\/index.php?rest_route=%2Fwp%2Fv2%2Fcomments&post=11012"}],"version-history":[{"count":61,"href":"https:\/\/studio7panketal.de\/index.php?rest_route=\/wp\/v2\/pages\/11012\/revisions"}],"predecessor-version":[{"id":18491,"href":"https:\/\/studio7panketal.de\/index.php?rest_route=\/wp\/v2\/pages\/11012\/revisions\/18491"}],"wp:attachment":[{"href":"https:\/\/studio7panketal.de\/index.php?rest_route=%2Fwp%2Fv2%2Fmedia&parent=11012"}],"curies":[{"name":"wp","href":"https:\/\/api.w.org\/{rel}","templated":true}]}}