{"id":11007,"date":"2022-02-23T11:33:41","date_gmt":"2022-02-23T11:33:41","guid":{"rendered":"http:\/\/studio7panketal.de\/?page_id=11007"},"modified":"2025-06-06T07:19:56","modified_gmt":"2025-06-06T07:19:56","slug":"luftfilter-2","status":"publish","type":"page","link":"https:\/\/studio7panketal.de\/?page_id=11007","title":{"rendered":"LUFTFILTER"},"content":{"rendered":"<p><span style=\"font-size: inherit; font-family: inherit;\"><strong>Unsere moderne HEPA14 &#8211; Luftfilteranlage<\/strong><br \/>\nDie Corona- Pandemie hat viele Dinge ver\u00e4ndert. Die Menschen sind vorsichtiger geworden und wir nehmen das zur Kenntnis. Mit unserem neuen, extrem leistungsstarken PLR- MAX Luftreiniger, der einen HEPA14- Filter beherbergt, sind wir bestens ausgestattet, setzen v\u00f6llig neue Ma\u00dfst\u00e4be und das merkt man auch!<br \/>\nDas Ger\u00e4t filtert effektiv rund 99,95% aller Viren, Aerosole und Bakterien aus der Raumluft, und das permanent. Es w\u00e4lzt unter Volllast bis zu 5000 Kubikmeter Luft um, pro Stunde wohlgemerkt! Das entspricht etwa 15mal der gesamten Studio7- Luft und ist etwa die 5-fache Menge von dem, was von Wissenschaftlern beim Einsatz empfohlen wird. Das Ger\u00e4t ist mit 2m H\u00f6he, 80x80cm Au\u00dfenma\u00df und 140kg Gewicht relativ gross und schwer, daf\u00fcr aber eben auch extrem leise. So k\u00f6nnen wir den Luftfilter w\u00e4hrend der Veranstaltungen nahezu unh\u00f6rbar laufen lassen und trotzdem die Studio7-Luft filtern. Aerosole, Viren, Bakterien, Hausstaub, Pollen, Allergene, Schimmelpilzsporen und Tierhaare haben so keine Chance. Auch Ger\u00fcche werden effektvoll eliminiert. Neben dem \u00fcblichen L\u00fcften in den Pausen wird mit unserem Luftfiltersystem ein v\u00f6llig neuer Standard gesetzt!<\/span><\/p>\n","protected":false},"excerpt":{"rendered":"<p>Unsere moderne HEPA14 &#8211; Luftfilteranlage Die Corona- Pandemie hat viele Dinge ver\u00e4ndert. Die Menschen sind vorsichtiger geworden und wir nehmen das zur Kenntnis. Mit unserem neuen, extrem leistungsstarken PLR- MAX Luftreiniger, der einen HEPA14- Filter beherbergt, sind wir bestens ausgestattet, setzen v\u00f6llig neue Ma\u00dfst\u00e4be und das merkt man auch! Das Ger\u00e4t filtert effektiv rund 99,95% [&hellip;]<\/p>\n","protected":false},"author":1,"featured_media":0,"parent":0,"menu_order":0,"comment_status":"closed","ping_status":"closed","template":"","meta":{"footnotes":""},"class_list":["post-11007","page","type-page","status-publish","hentry"],"_links":{"self":[{"href":"https:\/\/studio7panketal.de\/index.php?rest_route=\/wp\/v2\/pages\/11007","targetHints":{"allow":["GET"]}}],"collection":[{"href":"https:\/\/studio7panketal.de\/index.php?rest_route=\/wp\/v2\/pages"}],"about":[{"href":"https:\/\/studio7panketal.de\/index.php?rest_route=\/wp\/v2\/types\/page"}],"author":[{"embeddable":true,"href":"https:\/\/studio7panketal.de\/index.php?rest_route=\/wp\/v2\/users\/1"}],"replies":[{"embeddable":true,"href":"https:\/\/studio7panketal.de\/index.php?rest_route=%2Fwp%2Fv2%2Fcomments&post=11007"}],"version-history":[{"count":14,"href":"https:\/\/studio7panketal.de\/index.php?rest_route=\/wp\/v2\/pages\/11007\/revisions"}],"predecessor-version":[{"id":19021,"href":"https:\/\/studio7panketal.de\/index.php?rest_route=\/wp\/v2\/pages\/11007\/revisions\/19021"}],"wp:attachment":[{"href":"https:\/\/studio7panketal.de\/index.php?rest_route=%2Fwp%2Fv2%2Fmedia&parent=11007"}],"curies":[{"name":"wp","href":"https:\/\/api.w.org\/{rel}","templated":true}]}}