{"id":10954,"date":"2022-02-23T08:52:28","date_gmt":"2022-02-23T08:52:28","guid":{"rendered":"http:\/\/studio7panketal.de\/?page_id=10954"},"modified":"2026-03-15T10:43:27","modified_gmt":"2026-03-15T10:43:27","slug":"gutscheine-sind-laenger-gueltig","status":"publish","type":"page","link":"https:\/\/studio7panketal.de\/?page_id=10954","title":{"rendered":"Gutscheine"},"content":{"rendered":"<p>In unseren VVK-Stellen (ausser in der Tourist-Info Bernau) k\u00f6nnen Sie Studio7- Gutscheine erwerben.<br \/>\nDie H\u00f6he des Betrages legen Sie selber fest.<br \/>\nIm Studio7- Onlineshop k\u00f6nnen Sie Gutscheine im Wert von 25.-\u20ac oder 50.-\u20ac erwerben. Diese werden in der Regel per Post verschickt, daher der Extrabetrag von 2,50\u20ac.<br \/>\n<strong>Achtung:<\/strong>\u00a0Gutscheine sind und ersetzen keine Eintrittskarten.<\/p>\n<p><strong>Gutschein einl\u00f6sen<\/strong><br \/>\n1) Gutscheine k\u00f6nnen in unseren VVK-Stellen (ausser Bernau) beim Studio7-Kartenkauf als Zahlungsmittel eingesetzt werden.<\/p>\n<p>2) Sie kaufen online oder in einer unserer VVK-Stelle Ihre Studio7-Eintrittskarten und bezahlen diese auch vollst\u00e4ndig.<br \/>\nDen Gutschein bringen Sie im Original mit den Eintrittskarten oder der Zahlungsbest\u00e4tigung zur Veranstaltung mit und wir erstatten Ihnen den Gutscheinbetrag in bar, direkt bei Einlass an der Abendkasse.<br \/>\nIst der Gutscheinbetrag h\u00f6her als der Wert der Eintrittskarten, wird der Wert der Tickets erstattet und die Differenz in Form eines neuen Gutschein ausgestellt.<br \/>\n<strong>Achtung<\/strong>: Im Onlineshop k\u00f6nnen Gutscheine grunds\u00e4tzlich nicht eingel\u00f6st werden. Dann gilt: Tickets kaufen und bezahlen, den Gutschein im Original zur Veranstaltung mitbringen und diesen in bar erstatten lassen.<\/p>\n","protected":false},"excerpt":{"rendered":"<p>In unseren VVK-Stellen (ausser in der Tourist-Info Bernau) k\u00f6nnen Sie Studio7- Gutscheine erwerben. Die H\u00f6he des Betrages legen Sie selber fest. Im Studio7- Onlineshop k\u00f6nnen Sie Gutscheine im Wert von 25.-\u20ac oder 50.-\u20ac erwerben. Diese werden in der Regel per Post verschickt, daher der Extrabetrag von 2,50\u20ac. Achtung:\u00a0Gutscheine sind und ersetzen keine Eintrittskarten. Gutschein einl\u00f6sen [&hellip;]<\/p>\n","protected":false},"author":1,"featured_media":0,"parent":0,"menu_order":0,"comment_status":"closed","ping_status":"closed","template":"","meta":{"footnotes":""},"class_list":["post-10954","page","type-page","status-publish","hentry"],"_links":{"self":[{"href":"https:\/\/studio7panketal.de\/index.php?rest_route=\/wp\/v2\/pages\/10954","targetHints":{"allow":["GET"]}}],"collection":[{"href":"https:\/\/studio7panketal.de\/index.php?rest_route=\/wp\/v2\/pages"}],"about":[{"href":"https:\/\/studio7panketal.de\/index.php?rest_route=\/wp\/v2\/types\/page"}],"author":[{"embeddable":true,"href":"https:\/\/studio7panketal.de\/index.php?rest_route=\/wp\/v2\/users\/1"}],"replies":[{"embeddable":true,"href":"https:\/\/studio7panketal.de\/index.php?rest_route=%2Fwp%2Fv2%2Fcomments&post=10954"}],"version-history":[{"count":10,"href":"https:\/\/studio7panketal.de\/index.php?rest_route=\/wp\/v2\/pages\/10954\/revisions"}],"predecessor-version":[{"id":20914,"href":"https:\/\/studio7panketal.de\/index.php?rest_route=\/wp\/v2\/pages\/10954\/revisions\/20914"}],"wp:attachment":[{"href":"https:\/\/studio7panketal.de\/index.php?rest_route=%2Fwp%2Fv2%2Fmedia&parent=10954"}],"curies":[{"name":"wp","href":"https:\/\/api.w.org\/{rel}","templated":true}]}}